{"id":16065,"date":"2017-12-29T10:33:57","date_gmt":"2017-12-29T12:33:57","guid":{"rendered":"http:\/\/35.194.95.18\/wp-admin\/?post_type=product&#038;p=16065"},"modified":"2025-02-07T16:19:45","modified_gmt":"2025-02-07T19:19:45","slug":"botumix-marathon","status":"publish","type":"product","link":"https:\/\/vetsul.com\/index.php\/product\/botumix-marathon\/","title":{"rendered":"Botumix Marathon"},"content":{"rendered":"<h3 style=\"background-image: initial; background-position: initial; background-size: initial; background-repeat: initial; background-attachment: initial; background-origin: initial; background-clip: initial; border: 0px; margin-right: 0px; margin-bottom: 18px; margin-left: 0px; padding: 0px; vertical-align: baseline; outline: none; font-family: Montserrat, Calibri, AppleGothic, &quot;MgOpen Modata&quot;, sans-serif; font-size: 24px; line-height: 36px; color: rgb(68, 68, 68); text-align: justify;\"><span style=\"background: transparent; border: 0px; margin: 0px; padding: 0px; vertical-align: baseline; outline: none; color: rgb(51, 153, 102); font-size: 14px;\">\u201cFor\u00e7a, Resist\u00eancia e Controle\u201d<\/span><\/h3>\n<h3 style=\"background-image: initial; background-position: initial; background-size: initial; background-repeat: initial; background-attachment: initial; background-origin: initial; background-clip: initial; border: 0px; margin-right: 0px; margin-bottom: 18px; margin-left: 0px; padding: 0px; vertical-align: baseline; outline: none; font-family: Montserrat, Calibri, AppleGothic, &quot;MgOpen Modata&quot;, sans-serif; font-size: 24px; line-height: 36px; color: rgb(68, 68, 68); text-align: justify;\"><span style=\"font-size: 14px;\">\u201cO desempenho esportivo do equino \u00e9 o resultado da combina\u00e7\u00e3o de gen\u00e9tica, treinamento e nutri\u00e7\u00e3o. Diante disso,<\/span><span style=\"font-size: 14px;\">&nbsp;<\/span><strong style=\"background: transparent; border: 0px; margin: 0px; padding: 0px; vertical-align: baseline; outline: none;\"><span style=\"font-size: 14px;\">Botumix Marathon&nbsp;<\/span><\/strong><span style=\"font-size: 14px;\">foi desenvolvido para equinos em treinamento e potros atrav\u00e9s da combina\u00e7\u00e3o de vitaminas, minerais e amino\u00e1cidos, como Arginina, Pot\u00e1ssio e Magn\u00e9sio\u201d.<\/span><\/h3>\n<p style=\"background-image: initial; background-position: initial; background-size: initial; background-repeat: initial; background-attachment: initial; background-origin: initial; background-clip: initial; border: 0px; margin-bottom: 0px; padding: 0px 0px 18px; vertical-align: baseline; outline: none; color: rgb(131, 131, 131); font-family: &quot;Droid Sans&quot;, Calibri, AppleGothic, &quot;MgOpen Modata&quot;, sans-serif;\"><span style=\"background: transparent; border: 0px; margin: 0px; padding: 0px; vertical-align: baseline; outline: none; font-family: helvetica, arial, sans-serif; font-size: 14px; color: rgb(51, 153, 102);\">Arginina<\/span><\/p>\n<p style=\"background-image: initial; background-position: initial; background-size: initial; background-repeat: initial; background-attachment: initial; background-origin: initial; background-clip: initial; border: 0px; margin-bottom: 0px; padding: 0px 0px 18px; vertical-align: baseline; outline: none; color: rgb(131, 131, 131); font-family: &quot;Droid Sans&quot;, Calibri, AppleGothic, &quot;MgOpen Modata&quot;, sans-serif;\"><span style=\"background: transparent; border: 0px; margin: 0px; padding: 0px; vertical-align: baseline; outline: none; font-family: helvetica, arial, sans-serif; font-size: 14px; color: rgb(51, 153, 102);\">Pot\u00e1ssio<\/span><\/p>\n<p style=\"background-image: initial; background-position: initial; background-size: initial; background-repeat: initial; background-attachment: initial; background-origin: initial; background-clip: initial; border: 0px; margin-bottom: 0px; padding: 0px 0px 18px; vertical-align: baseline; outline: none; color: rgb(131, 131, 131); font-family: &quot;Droid Sans&quot;, Calibri, AppleGothic, &quot;MgOpen Modata&quot;, sans-serif;\"><span style=\"background: transparent; border: 0px; margin: 0px; padding: 0px; vertical-align: baseline; outline: none; font-family: helvetica, arial, sans-serif; font-size: 14px; color: rgb(51, 153, 102);\">Magn\u00e9sio<\/span><\/p>\n<p style=\"background-image: initial; background-position: initial; background-size: initial; background-repeat: initial; background-attachment: initial; background-origin: initial; background-clip: initial; border: 0px; margin-bottom: 0px; padding: 0px 0px 18px; vertical-align: baseline; outline: none; color: rgb(131, 131, 131); font-family: &quot;Droid Sans&quot;, Calibri, AppleGothic, &quot;MgOpen Modata&quot;, sans-serif;\"><span style=\"font-size: 14px;\">Suplemento vitam\u00ednico, mineral e amino\u00e1cido para equinos<\/span><\/p>\n<p style=\"background-image: initial; background-position: initial; background-size: initial; background-repeat: initial; background-attachment: initial; background-origin: initial; background-clip: initial; border: 0px; margin-bottom: 0px; padding: 0px 0px 18px; vertical-align: baseline; outline: none;\"><font color=\"#838383\" face=\"Droid Sans, Calibri, AppleGothic, MgOpen Modata, sans-serif\"><span style=\"font-size: 14px;\">INDICA\u00c7\u00c3O DE USO:<\/span><\/font><\/p>\n<p style=\"background-image: initial; background-position: initial; background-size: initial; background-repeat: initial; background-attachment: initial; background-origin: initial; background-clip: initial; border: 0px; margin-bottom: 0px; padding: 0px 0px 18px; vertical-align: baseline; outline: none;\"><font color=\"#838383\" face=\"Droid Sans, Calibri, AppleGothic, MgOpen Modata, sans-serif\"><span style=\"font-size: 14px;\">Suplementa\u00e7\u00e3o de vitaminas, minerais e amino\u00e1cidos, indicado para equinos em treinamento e potros.<\/span><\/font><\/p>\n<p style=\"background-image: initial; background-position: initial; background-size: initial; background-repeat: initial; background-attachment: initial; background-origin: initial; background-clip: initial; border: 0px; margin-bottom: 0px; padding: 0px 0px 18px; vertical-align: baseline; outline: none;\"><font color=\"#838383\" face=\"Droid Sans, Calibri, AppleGothic, MgOpen Modata, sans-serif\"><span style=\"font-size: 14px;\">MODO DE USAR:<\/span><\/font><\/p>\n<p style=\"background-image: initial; background-position: initial; background-size: initial; background-repeat: initial; background-attachment: initial; background-origin: initial; background-clip: initial; border: 0px; margin-bottom: 0px; padding: 0px 0px 18px; vertical-align: baseline; outline: none;\"><font color=\"#838383\" face=\"Droid Sans, Calibri, AppleGothic, MgOpen Modata, sans-serif\"><span style=\"font-size: 14px;\">Fornecer diariamente por via oral.<\/span><\/font><\/p>\n<p style=\"background-image: initial; background-position: initial; background-size: initial; background-repeat: initial; background-attachment: initial; background-origin: initial; background-clip: initial; border: 0px; margin-bottom: 0px; padding: 0px 0px 18px; vertical-align: baseline; outline: none;\"><font color=\"#838383\" face=\"Droid Sans, Calibri, AppleGothic, MgOpen Modata, sans-serif\"><span style=\"font-size: 14px;\">Equinos a partir dos 2 anos de idade:<\/span><\/font><\/p>\n<p style=\"background-image: initial; background-position: initial; background-size: initial; background-repeat: initial; background-attachment: initial; background-origin: initial; background-clip: initial; border: 0px; margin-bottom: 0px; padding: 0px 0px 18px; vertical-align: baseline; outline: none;\"><font color=\"#838383\" face=\"Droid Sans, Calibri, AppleGothic, MgOpen Modata, sans-serif\"><span style=\"font-size: 14px;\">Dose: 35 a 70 mL ao dia, ou 17,5 a 35 mL duas vezes ao dia.<\/span><\/font><\/p>\n<p style=\"background-image: initial; background-position: initial; background-size: initial; background-repeat: initial; background-attachment: initial; background-origin: initial; background-clip: initial; border: 0px; margin-bottom: 0px; padding: 0px 0px 18px; vertical-align: baseline; outline: none;\"><font color=\"#838383\" face=\"Droid Sans, Calibri, AppleGothic, MgOpen Modata, sans-serif\"><span style=\"font-size: 14px;\">Animais abaixo de 2 anos de idade:<\/span><\/font><\/p>\n<p style=\"background-image: initial; background-position: initial; background-size: initial; background-repeat: initial; background-attachment: initial; background-origin: initial; background-clip: initial; border: 0px; margin-bottom: 0px; padding: 0px 0px 18px; vertical-align: baseline; outline: none;\"><font color=\"#838383\" face=\"Droid Sans, Calibri, AppleGothic, MgOpen Modata, sans-serif\"><span style=\"font-size: 14px;\">Dose: 15 mL para cada 100 kg de peso vivo ao dia.<\/span><\/font><\/p>\n<p style=\"background-image: initial; background-position: initial; background-size: initial; background-repeat: initial; background-attachment: initial; background-origin: initial; background-clip: initial; border: 0px; margin-bottom: 0px; padding: 0px 0px 18px; vertical-align: baseline; outline: none;\">\n<p style=\"background-image: initial; background-position: initial; background-size: initial; background-repeat: initial; background-attachment: initial; background-origin: initial; background-clip: initial; border: 0px; margin-bottom: 0px; padding: 0px 0px 18px; vertical-align: baseline; outline: none;\"><font color=\"#838383\" face=\"Droid Sans, Calibri, AppleGothic, MgOpen Modata, sans-serif\"><span style=\"font-size: 14px;\">AGITE BEM ANTES DE USAR<\/span><\/font><\/p>\n","protected":false},"excerpt":{"rendered":"<p>\u201cFor\u00e7a, Resist\u00eancia e Controle\u201d \u201cO desempenho esportivo do equino \u00e9 o resultado da combina\u00e7\u00e3o de gen\u00e9tica, treinamento e nutri\u00e7\u00e3o. Diante disso,&nbsp;Botumix Marathon&nbsp;foi<\/p>\n","protected":false},"featured_media":16066,"template":"","meta":{"_acf_changed":false},"product_brand":[953],"product_cat":[163,178,194],"product_tag":[986],"class_list":{"0":"post-16065","1":"product","2":"type-product","3":"status-publish","4":"has-post-thumbnail","6":"product_brand-botupharma","7":"product_cat-equinos","8":"product_cat-suplementos-e-vitaminas-2","9":"product_cat-todos-os-produtos","10":"product_tag-botupharma","12":"first","13":"outofstock","14":"shipping-taxable","15":"purchasable","16":"product-type-simple"},"acf":[],"_links":{"self":[{"href":"https:\/\/vetsul.com\/index.php\/wp-json\/wp\/v2\/product\/16065","targetHints":{"allow":["GET"]}}],"collection":[{"href":"https:\/\/vetsul.com\/index.php\/wp-json\/wp\/v2\/product"}],"about":[{"href":"https:\/\/vetsul.com\/index.php\/wp-json\/wp\/v2\/types\/product"}],"wp:featuredmedia":[{"embeddable":true,"href":"https:\/\/vetsul.com\/index.php\/wp-json\/wp\/v2\/media\/16066"}],"wp:attachment":[{"href":"https:\/\/vetsul.com\/index.php\/wp-json\/wp\/v2\/media?parent=16065"}],"wp:term":[{"taxonomy":"product_brand","embeddable":true,"href":"https:\/\/vetsul.com\/index.php\/wp-json\/wp\/v2\/product_brand?post=16065"},{"taxonomy":"product_cat","embeddable":true,"href":"https:\/\/vetsul.com\/index.php\/wp-json\/wp\/v2\/product_cat?post=16065"},{"taxonomy":"product_tag","embeddable":true,"href":"https:\/\/vetsul.com\/index.php\/wp-json\/wp\/v2\/product_tag?post=16065"}],"curies":[{"name":"wp","href":"https:\/\/api.w.org\/{rel}","templated":true}]}}