{"id":16059,"date":"2017-12-29T10:15:04","date_gmt":"2017-12-29T12:15:04","guid":{"rendered":"http:\/\/35.194.95.18\/wp-admin\/?post_type=product&#038;p=16059"},"modified":"2026-04-24T14:22:32","modified_gmt":"2026-04-24T17:22:32","slug":"botumix-artroplus","status":"publish","type":"product","link":"https:\/\/vetsul.com\/index.php\/product\/botumix-artroplus\/","title":{"rendered":"BotuMix Artroplus"},"content":{"rendered":"<h4 style=\"background-image: initial; background-position: initial; background-size: initial; background-repeat: initial; background-attachment: initial; background-origin: initial; background-clip: initial; border: 0px; margin-right: 0px; margin-bottom: 18px; margin-left: 0px; padding: 0px; vertical-align: baseline; outline: none; font-weight: 600; font-family: 'Open Sans', Calibri, AppleGothic, 'MgOpen Modata', sans-serif; font-size: 18px; line-height: 22px; color: #444444;\"><span style=\"background: transparent; border: 0px; margin: 0px; padding: 0px; vertical-align: baseline; outline: none; font-size: 12px; color: #3366ff;\">\u201cDose eficaz de Condroitina e Glicosamina\u201d<\/span><\/h4>\n<h4 style=\"background-image: initial; background-position: initial; background-size: initial; background-repeat: initial; background-attachment: initial; background-origin: initial; background-clip: initial; border: 0px; margin-right: 0px; margin-bottom: 18px; margin-left: 0px; padding: 0px; vertical-align: baseline; outline: none; font-weight: 600; font-family: 'Open Sans', Calibri, AppleGothic, 'MgOpen Modata', sans-serif; font-size: 18px; line-height: 22px; color: #444444; text-align: justify;\"><strong style=\"background: transparent; border: 0px; margin: 0px; padding: 0px; vertical-align: baseline; outline: none;\"><span style=\"font-size: 12px;\">Botumix Artroplus\u00a0<\/span><\/strong><span style=\"font-size: 12px;\">\u00e9 um suplemento alimentar a base de vitamina, mineral e amino\u00e1cido indicado para equinos e bovinos a partir do desmame. Possui em sua formula\u00e7\u00e3o Condroitina, Glicosamina e Enxofre, componentes importantes para animais idosos ou submetidos a esfor\u00e7os f\u00edsicos, como provas e competi\u00e7\u00f5es.<\/span><\/h4>\n<p style=\"background-image: initial; background-position: initial; background-size: initial; background-repeat: initial; background-attachment: initial; background-origin: initial; background-clip: initial; border: 0px; margin-bottom: 0px; padding: 0px 0px 18px; vertical-align: baseline; outline: none; color: #838383; font-family: 'Droid Sans', Calibri, AppleGothic, 'MgOpen Modata', sans-serif;\"><span style=\"background: transparent; border: 0px; margin: 0px; padding: 0px; vertical-align: baseline; outline: none; font-family: helvetica, arial, sans-serif; font-size: 12px; color: #3366ff;\">Condroitina<\/span><\/p>\n<p style=\"background-image: initial; background-position: initial; background-size: initial; background-repeat: initial; background-attachment: initial; background-origin: initial; background-clip: initial; border: 0px; margin-bottom: 0px; padding: 0px 0px 18px; vertical-align: baseline; outline: none; color: #838383; font-family: 'Droid Sans', Calibri, AppleGothic, 'MgOpen Modata', sans-serif;\"><span style=\"background: transparent; border: 0px; margin: 0px; padding: 0px; vertical-align: baseline; outline: none; font-family: helvetica, arial, sans-serif; font-size: 12px; color: #3366ff;\">Glicosamina<\/span><\/p>\n<p style=\"background-image: initial; background-position: initial; background-size: initial; background-repeat: initial; background-attachment: initial; background-origin: initial; background-clip: initial; border: 0px; margin-bottom: 0px; padding: 0px 0px 18px; vertical-align: baseline; outline: none; color: #838383; font-family: 'Droid Sans', Calibri, AppleGothic, 'MgOpen Modata', sans-serif;\"><span style=\"background: transparent; border: 0px; margin: 0px; padding: 0px; vertical-align: baseline; outline: none; font-family: helvetica, arial, sans-serif; font-size: 12px; color: #3366ff;\">Enxofre<\/span><\/p>\n<p style=\"background-image: initial; background-position: initial; background-size: initial; background-repeat: initial; background-attachment: initial; background-origin: initial; background-clip: initial; border: 0px; margin-bottom: 0px; padding: 0px 0px 18px; vertical-align: baseline; outline: none; color: #838383; font-family: 'Droid Sans', Calibri, AppleGothic, 'MgOpen Modata', sans-serif;\"><span style=\"background: transparent; border: 0px; margin: 0px; padding: 0px; vertical-align: baseline; outline: none; font-size: 12px;\">Suplemento mineral, vitam\u00ednico<\/span><br \/>\n<span style=\"background: transparent; border: 0px; margin: 0px; padding: 0px; vertical-align: baseline; outline: none; font-size: 12px;\">e amino\u00e1cido para equinos e bovinos<\/span><\/p>\n<div id=\"cmsms_row_5a462e8e6be12\" class=\"cmsms_row cmsms_color_scheme_default\" style=\"background-image: initial; background-position: initial; background-size: initial; background-repeat: initial; background-attachment: initial; background-origin: initial; background-clip: initial; border: 0px; margin: 0px; padding: 0px; vertical-align: baseline; outline: none; width: 872px; position: relative; color: #838383; font-family: 'Droid Sans', Calibri, AppleGothic, 'MgOpen Modata', sans-serif;\">\n<div class=\"cmsms_row_outer_parent\" style=\"background: transparent; border: 0px; margin: 0px; padding: 0.1px 0px; vertical-align: baseline; outline: none; width: 872px; position: relative;\">\n<div class=\"cmsms_row_outer\" style=\"background: transparent; border: 0px; margin: 0px; padding: 0px; vertical-align: baseline; outline: none; width: 872px; position: relative;\">\n<div class=\"cmsms_row_inner\" style=\"background: transparent; border: 0px; margin: 0px auto; padding: 0px; vertical-align: baseline; outline: none; position: relative; width: 872px;\">\n<div class=\"cmsms_row_margin cmsms_1212\" style=\"background: transparent; border: 0px; margin: 0px -18.0469px; padding: 0px; vertical-align: baseline; outline: none; position: relative;\">\n<div class=\"cmsms_column one_half\" style=\"background: transparent; border: 0px; margin: 0px 18.1563px; padding: 0px; vertical-align: baseline; outline: none; position: relative; min-height: 1px; float: left; width: 417.719px;\">\n<div class=\"cmsms_text\" style=\"background: transparent; border: 0px; margin: 0px; padding: 0px; vertical-align: baseline; outline: none;\">\n<p style=\"background: transparent; border: 0px; margin-bottom: 0px; padding: 0px 0px 18px; vertical-align: baseline; outline: none;\"><span style=\"background: transparent; border: 0px; margin: 0px; padding: 0px; vertical-align: baseline; outline: none; color: #3366ff;\">INDICA\u00c7\u00c3O DE USO:<\/span><br \/>\nSuplemento alimentar a base de vitamina, mineral e amino\u00e1cido,<br \/>\nal\u00e9m de sulfato de condroitina e glicosamina, indicado para<br \/>\nequinos e bovinos a partir do desmame.<\/p>\n<p style=\"background: transparent; border: 0px; margin-bottom: 0px; padding: 0px 0px 18px; vertical-align: baseline; outline: none;\"><span style=\"background: transparent; border: 0px; margin: 0px; padding: 0px; vertical-align: baseline; outline: none; color: #3366ff;\">MODO DE USAR:<\/span><br \/>\nFornecer diariamente por via oral.<br \/>\nDose inicial por 2 meses, depois passar para dose de manuten\u00e7\u00e3o.<br \/>\nDose inicial: Equinos e bovinos adultos:<br \/>\n30 g uma vez ao dia ou 15 g duas vezes ao dia.<br \/>\nPotros e bezerros: 15 g uma vez ao dia ou<br \/>\n7,5 g duas vezes ao dia.<br \/>\nCopo medidor equivale a 15 g.<br \/>\nDose de manuten\u00e7\u00e3o: Utilizar metade da dose inicial.<\/p>\n<p style=\"background: transparent; border: 0px; margin-bottom: 0px; padding: 0px 0px 18px; vertical-align: baseline; outline: none;\"><span style=\"background: transparent; border: 0px; margin: 0px; padding: 0px; vertical-align: baseline; outline: none; color: #3366ff;\">AGITAR BEM ANTES DE USAR.<\/span><\/p>\n<p style=\"background: transparent; border: 0px; margin-bottom: 0px; padding: 0px 0px 18px; vertical-align: baseline; outline: none;\"><span style=\"background: transparent; border: 0px; margin: 0px; padding: 0px; vertical-align: baseline; outline: none; color: #3366ff;\">NO DOPPING<\/span><\/p>\n<div class=\"product_meta\" style=\"background: transparent; border: 0px; margin: 0px; padding: 0px; vertical-align: baseline; outline: none;\"><\/div>\n<\/div>\n<\/div>\n<div class=\"cmsms_column one_half\" style=\"background: transparent; border: 0px; margin: 0px 18.1563px; padding: 0px; vertical-align: baseline; outline: none; position: relative; min-height: 1px; float: left; width: 417.719px;\">\n<table class=\"cmsms_table fadeInUp animated\" style=\"background-image: initial; background-position: initial; background-size: initial; background-repeat: initial; background-attachment: initial; background-origin: initial; background-clip: initial; border: 0px; margin: 0px; padding: 0px; vertical-align: middle; outline: none; width: 417px; animation-duration: 1s; animation-fill-mode: both; animation-name: fadeInUp; opacity: 1;\" data-animation=\"fadeInUp\" data-delay=\"500\">\n<caption style=\"background: transparent; border: 0px; margin: 0px; padding: 15px; vertical-align: baseline; outline: none; font-weight: 600; text-align: center; font-family: 'Open Sans', Calibri, AppleGothic, 'MgOpen Modata', sans-serif; font-size: 14px; line-height: 18px; color: #444444;\">\u00a0<\/caption>\n<thead style=\"background: transparent; border: 0px; margin: 0px; padding: 0px; vertical-align: baseline; outline: none;\">\n<tr class=\"cmsms_table_row_header\" style=\"background: transparent; border-width: 1px 0px 0px; border-image: initial; margin: 0px; padding: 0px; vertical-align: baseline; outline: none; border-color: #3b86f7 initial initial initial; border-style: solid initial initial initial;\">\n<th class=\"cmsms_table_cell_alignleft\" style=\"background: #f7f7f7; border-width: 0px 0px 1px 1px; border-image: initial; margin: 0px; padding: 15px 15px 15px 30px; vertical-align: baseline; outline: none; font-family: 'Open Sans', Calibri, AppleGothic, 'MgOpen Modata', sans-serif; font-size: 14px; line-height: 18px; color: #444444; border-color: initial initial #3b86f7 #3b86f7; border-style: initial initial solid solid;\">N\u00cdVEIS DE GARANTIA POR KG<\/th>\n<th class=\"cmsms_table_cell_alignright\" style=\"background: #f7f7f7; border-width: 0px 0px 1px; border-image: initial; margin: 0px; padding: 15px; vertical-align: baseline; outline: none; font-family: 'Open Sans', Calibri, AppleGothic, 'MgOpen Modata', sans-serif; font-size: 14px; line-height: 18px; color: #444444; text-align: right; border-color: initial initial #3b86f7 initial; border-style: initial initial solid initial;\"><\/th>\n<th class=\"cmsms_table_cell_alignright\" style=\"background: #f7f7f7; border-width: 0px 1px 1px 0px; border-image: initial; margin: 0px; padding: 15px 30px 15px 15px; vertical-align: baseline; outline: none; font-family: 'Open Sans', Calibri, AppleGothic, 'MgOpen Modata', sans-serif; font-size: 14px; line-height: 18px; color: #444444; text-align: right; border-color: initial #3b86f7 #3b86f7 initial; border-style: initial solid solid initial;\"><\/th>\n<\/tr>\n<\/thead>\n<tbody style=\"background: transparent; border: 0px; margin: 0px; padding: 0px; vertical-align: baseline; outline: none;\">\n<tr style=\"background: transparent; border-width: 1px 0px 0px; border-image: initial; margin: 0px; padding: 0px; vertical-align: baseline; outline: none; border-color: #3b86f7 initial initial initial; border-style: solid initial initial initial;\">\n<td class=\"cmsms_table_cell_alignleft\" style=\"background: transparent; border-width: 0px 0px 1px 1px; border-image: initial; margin: 0px; padding: 15px 15px 15px 30px; vertical-align: baseline; outline: none; border-color: initial initial #3b86f7 #3b86f7; border-style: initial initial solid solid;\">Enxofre (m\u00edn)<\/td>\n<td class=\"cmsms_table_cell_alignright\" style=\"background: transparent; border-width: 0px 0px 1px; border-image: initial; margin: 0px; padding: 15px; vertical-align: baseline; outline: none; text-align: right; border-color: initial initial #3b86f7 initial; border-style: initial initial solid initial;\">100<\/td>\n<td class=\"cmsms_table_cell_alignright\" style=\"background: transparent; border-width: 0px 1px 1px 0px; border-image: initial; margin: 0px; padding: 15px 30px 15px 15px; vertical-align: baseline; outline: none; text-align: right; border-color: initial #3b86f7 #3b86f7 initial; border-style: initial solid solid initial;\">g\/kg<\/td>\n<\/tr>\n<tr style=\"background: transparent; border: 0px; margin: 0px; padding: 0px; vertical-align: baseline; outline: none;\">\n<td class=\"cmsms_table_cell_alignleft\" style=\"background: transparent; border-width: 0px 0px 1px 1px; border-image: initial; margin: 0px; padding: 15px 15px 15px 30px; vertical-align: baseline; outline: none; border-color: initial initial #3b86f7 #3b86f7; border-style: initial initial solid solid;\">Glicose (m\u00edn)<\/td>\n<td class=\"cmsms_table_cell_alignright\" style=\"background: transparent; border-width: 0px 0px 1px; border-image: initial; margin: 0px; padding: 15px; vertical-align: baseline; outline: none; text-align: right; border-color: initial initial #3b86f7 initial; border-style: initial initial solid initial;\">118<\/td>\n<td class=\"cmsms_table_cell_alignright\" style=\"background: transparent; border-width: 0px 1px 1px 0px; border-image: initial; margin: 0px; padding: 15px 30px 15px 15px; vertical-align: baseline; outline: none; text-align: right; border-color: initial #3b86f7 #3b86f7 initial; border-style: initial solid solid initial;\">g\/kg<\/td>\n<\/tr>\n<tr style=\"background: transparent; border: 0px; margin: 0px; padding: 0px; vertical-align: baseline; outline: none;\">\n<td class=\"cmsms_table_cell_alignleft\" style=\"background: transparent; border-width: 0px 0px 1px 1px; border-image: initial; margin: 0px; padding: 15px 15px 15px 30px; vertical-align: baseline; outline: none; border-color: initial initial #3b86f7 #3b86f7; border-style: initial initial solid solid;\">Mangan\u00eas (m\u00edn)<\/td>\n<td class=\"cmsms_table_cell_alignright\" style=\"background: transparent; border-width: 0px 0px 1px; border-image: initial; margin: 0px; padding: 15px; vertical-align: baseline; outline: none; text-align: right; border-color: initial initial #3b86f7 initial; border-style: initial initial solid initial;\">8.000<\/td>\n<td class=\"cmsms_table_cell_alignright\" style=\"background: transparent; border-width: 0px 1px 1px 0px; border-image: initial; margin: 0px; padding: 15px 30px 15px 15px; vertical-align: baseline; outline: none; text-align: right; border-color: initial #3b86f7 #3b86f7 initial; border-style: initial solid solid initial;\">mg\/kg<\/td>\n<\/tr>\n<tr style=\"background: transparent; border: 0px; margin: 0px; padding: 0px; vertical-align: baseline; outline: none;\">\n<td class=\"cmsms_table_cell_alignleft\" style=\"background: transparent; border-width: 0px 0px 1px 1px; border-image: initial; margin: 0px; padding: 15px 15px 15px 30px; vertical-align: baseline; outline: none; border-color: initial initial #3b86f7 #3b86f7; border-style: initial initial solid solid;\">Metionina (m\u00edn)<\/td>\n<td class=\"cmsms_table_cell_alignright\" style=\"background: transparent; border-width: 0px 0px 1px; border-image: initial; margin: 0px; padding: 15px; vertical-align: baseline; outline: none; text-align: right; border-color: initial initial #3b86f7 initial; border-style: initial initial solid initial;\">2.000<\/td>\n<td class=\"cmsms_table_cell_alignright\" style=\"background: transparent; border-width: 0px 1px 1px 0px; border-image: initial; margin: 0px; padding: 15px 30px 15px 15px; vertical-align: baseline; outline: none; text-align: right; border-color: initial #3b86f7 #3b86f7 initial; border-style: initial solid solid initial;\">mg\/kg<\/td>\n<\/tr>\n<tr style=\"background: transparent; border: 0px; margin: 0px; padding: 0px; vertical-align: baseline; outline: none;\">\n<td class=\"cmsms_table_cell_alignleft\" style=\"background: transparent; border-width: 0px 0px 1px 1px; border-image: initial; margin: 0px; padding: 15px 15px 15px 30px; vertical-align: baseline; outline: none; border-color: initial initial #3b86f7 #3b86f7; border-style: initial initial solid solid;\">Sulfato de Condroitina (m\u00edn)<\/td>\n<td class=\"cmsms_table_cell_alignright\" style=\"background: transparent; border-width: 0px 0px 1px; border-image: initial; margin: 0px; padding: 15px; vertical-align: baseline; outline: none; text-align: right; border-color: initial initial #3b86f7 initial; border-style: initial initial solid initial;\">200<\/td>\n<td class=\"cmsms_table_cell_alignright\" style=\"background: transparent; border-width: 0px 1px 1px 0px; border-image: initial; margin: 0px; padding: 15px 30px 15px 15px; vertical-align: baseline; outline: none; text-align: right; border-color: initial #3b86f7 #3b86f7 initial; border-style: initial solid solid initial;\">g\/kg<\/td>\n<\/tr>\n<tr style=\"background: transparent; border: 0px; margin: 0px; padding: 0px; vertical-align: baseline; outline: none;\">\n<td class=\"cmsms_table_cell_alignleft\" style=\"background: transparent; border-width: 0px 0px 1px 1px; border-image: initial; margin: 0px; padding: 15px 15px 15px 30px; vertical-align: baseline; outline: none; border-color: initial initial #3b86f7 #3b86f7; border-style: initial initial solid solid;\">Sulfato de Glicosamina (m\u00edn)<\/td>\n<td class=\"cmsms_table_cell_alignright\" style=\"background: transparent; border-width: 0px 0px 1px; border-image: initial; margin: 0px; padding: 15px; vertical-align: baseline; outline: none; text-align: right; border-color: initial initial #3b86f7 initial; border-style: initial initial solid initial;\">300<\/td>\n<td class=\"cmsms_table_cell_alignright\" style=\"background: transparent; border-width: 0px 1px 1px 0px; border-image: initial; margin: 0px; padding: 15px 30px 15px 15px; vertical-align: baseline; outline: none; text-align: right; border-color: initial #3b86f7 #3b86f7 initial; border-style: initial solid solid initial;\">g\/kg<\/td>\n<\/tr>\n<tr style=\"background: transparent; border: 0px; margin: 0px; padding: 0px; vertical-align: baseline; outline: none;\">\n<td class=\"cmsms_table_cell_alignleft\" style=\"background: transparent; border-width: 0px 0px 1px 1px; border-image: initial; margin: 0px; padding: 15px 15px 15px 30px; vertical-align: baseline; outline: none; border-color: initial initial #3b86f7 #3b86f7; border-style: initial initial solid solid;\">Vitamina C (m\u00edn)<\/td>\n<td class=\"cmsms_table_cell_alignright\" style=\"background: transparent; border-width: 0px 0px 1px; border-image: initial; margin: 0px; padding: 15px; vertical-align: baseline; outline: none; text-align: right; border-color: initial initial #3b86f7 initial; border-style: initial initial solid initial;\">30<\/td>\n<td class=\"cmsms_table_cell_alignright\" style=\"background: transparent; border-width: 0px 1px 1px 0px; border-image: initial; margin: 0px; padding: 15px 30px 15px 15px; vertical-align: baseline; outline: none; text-align: right; border-color: initial #3b86f7 #3b86f7 initial; border-style: initial solid solid initial;\">g\/kg<\/td>\n<\/tr>\n<\/tbody>\n<\/table>\n<\/div>\n<\/div>\n<\/div>\n<\/div>\n<\/div>\n<\/div>\n<p style=\"background-image: initial; background-position: initial; background-size: initial; background-repeat: initial; background-attachment: initial; background-origin: initial; background-clip: initial; border: 0px; margin-bottom: 0px; padding: 0px 0px 18px; vertical-align: baseline; outline: none; color: #838383; font-family: 'Droid Sans', Calibri, AppleGothic, 'MgOpen Modata', sans-serif;\">\n<div id=\"cmsms_row_5a462e8e6eab6\" class=\"cmsms_row cmsms_color_scheme_default\" style=\"background-image: initial; background-position: initial; background-size: initial; background-repeat: initial; background-attachment: initial; background-origin: initial; background-clip: initial; border: 0px; margin: 0px; padding: 0px; vertical-align: baseline; outline: none; width: 872px; position: relative; color: #838383; font-family: 'Droid Sans', Calibri, AppleGothic, 'MgOpen Modata', sans-serif;\">\n<div class=\"cmsms_row_outer_parent\" style=\"background: transparent; border: 0px; margin: 0px; padding: 0px 0px 50px; vertical-align: baseline; outline: none; width: 872px; position: relative;\">\n<div class=\"cmsms_row_outer\" style=\"background: transparent; border: 0px; margin: 0px; padding: 0px; vertical-align: baseline; outline: none; width: 872px; position: relative;\">\n<div class=\"cmsms_row_inner\" style=\"background: transparent; border: 0px; margin: 0px auto; padding: 0px; vertical-align: baseline; outline: none; position: relative; width: 872px;\">\n<div class=\"cmsms_row_margin cmsms_11\" style=\"background: transparent; border: 0px; margin: 0px -18.0469px; padding: 0px; vertical-align: baseline; outline: none; position: relative;\">\n<div class=\"cmsms_column one_first\" style=\"background: transparent; border: 0px; margin: 0px 18.1563px; padding: 0px; vertical-align: baseline; outline: none; position: relative; min-height: 1px; float: none; width: 871.766px; clear: both;\"><\/div>\n<\/div>\n<\/div>\n<\/div>\n<\/div>\n<\/div>\n","protected":false},"excerpt":{"rendered":"<p>\u201cDose eficaz de Condroitina e Glicosamina\u201d Botumix Artroplus\u00a0\u00e9 um suplemento alimentar a base de vitamina, mineral e amino\u00e1cido indicado para equinos e<\/p>\n","protected":false},"featured_media":17666,"template":"","meta":{"_acf_changed":false},"product_brand":[953],"product_cat":[163,178,194],"product_tag":[986,760,201,865,395,795],"class_list":{"0":"post-16059","1":"product","2":"type-product","3":"status-publish","4":"has-post-thumbnail","6":"product_brand-botupharma","7":"product_cat-equinos","8":"product_cat-suplementos-e-vitaminas-2","9":"product_cat-todos-os-produtos","10":"product_tag-botupharma","11":"product_tag-equinos-3","12":"product_tag-suplemento","13":"product_tag-suplemento-alimentar","14":"product_tag-vitamina","15":"product_tag-vitaminas","17":"first","18":"instock","19":"shipping-taxable","20":"purchasable","21":"product-type-simple"},"acf":[],"_links":{"self":[{"href":"https:\/\/vetsul.com\/index.php\/wp-json\/wp\/v2\/product\/16059","targetHints":{"allow":["GET"]}}],"collection":[{"href":"https:\/\/vetsul.com\/index.php\/wp-json\/wp\/v2\/product"}],"about":[{"href":"https:\/\/vetsul.com\/index.php\/wp-json\/wp\/v2\/types\/product"}],"wp:featuredmedia":[{"embeddable":true,"href":"https:\/\/vetsul.com\/index.php\/wp-json\/wp\/v2\/media\/17666"}],"wp:attachment":[{"href":"https:\/\/vetsul.com\/index.php\/wp-json\/wp\/v2\/media?parent=16059"}],"wp:term":[{"taxonomy":"product_brand","embeddable":true,"href":"https:\/\/vetsul.com\/index.php\/wp-json\/wp\/v2\/product_brand?post=16059"},{"taxonomy":"product_cat","embeddable":true,"href":"https:\/\/vetsul.com\/index.php\/wp-json\/wp\/v2\/product_cat?post=16059"},{"taxonomy":"product_tag","embeddable":true,"href":"https:\/\/vetsul.com\/index.php\/wp-json\/wp\/v2\/product_tag?post=16059"}],"curies":[{"name":"wp","href":"https:\/\/api.w.org\/{rel}","templated":true}]}}