{"id":16057,"date":"2017-12-29T10:00:19","date_gmt":"2017-12-29T12:00:19","guid":{"rendered":"http:\/\/35.194.95.18\/wp-admin\/?post_type=product&#038;p=16057"},"modified":"2025-04-03T16:12:01","modified_gmt":"2025-04-03T19:12:01","slug":"17-beta-estradiol","status":"publish","type":"product","link":"https:\/\/vetsul.com\/index.php\/product\/17-beta-estradiol\/","title":{"rendered":"17 Beta Estradiol"},"content":{"rendered":"<h4 style=\"background-image: initial; background-position: initial; background-size: initial; background-repeat: initial; background-attachment: initial; background-origin: initial; background-clip: initial; border: 0px; margin-right: 0px; margin-bottom: 18px; margin-left: 0px; padding: 0px; vertical-align: baseline; outline: none; font-weight: 600; font-size: 18px; line-height: 22px; color: #444444;\"><span style=\"font-family: Arial;\"><span style=\"font-size: 14px;\">17\u03b2 Estradiol Injet\u00e1vel<\/span><\/span><\/h4>\n<p style=\"background-image: initial; background-position: initial; background-size: initial; background-repeat: initial; background-attachment: initial; background-origin: initial; background-clip: initial; border: 0px; margin-bottom: 0px; padding: 0px 0px 18px; vertical-align: baseline; outline: none; color: #838383;\"><span style=\"font-family: Arial;\"><span style=\"font-size: 14px;\">USO VETERIN\u00c1RIO<\/span><\/span><\/p>\n<h3 style=\"background-image: initial; background-position: initial; background-size: initial; background-repeat: initial; background-attachment: initial; background-origin: initial; background-clip: initial; border: 0px; margin-right: 0px; margin-bottom: 18px; margin-left: 0px; padding: 0px; vertical-align: baseline; outline: none; font-size: 24px; line-height: 36px; color: #444444;\"><span style=\"background: transparent; border: 0px; margin: 0px; padding: 0px; vertical-align: baseline; outline: none; color: #808080; font-size: 14px;\"><span style=\"font-family: Arial;\">17 \u03b2eta \u00e9 o \u00fanico estrog\u00eanio bio-id\u00eantico ao fisiol\u00f3gico, indicado para indu\u00e7\u00e3o de sinais de estro em f\u00eameas equinas.<\/span><\/span><\/h3>\n<p style=\"background-image: initial; background-position: initial; background-size: initial; background-repeat: initial; background-attachment: initial; background-origin: initial; background-clip: initial; border: 0px; margin-bottom: 0px; padding: 0px 0px 18px; vertical-align: baseline; outline: none; color: #838383;\"><span style=\"font-family: Arial;\"><span style=\"font-size: 14px;\">F\u00d3RMULA:<\/span><br \/>\n<span style=\"font-size: 14px;\">Cada 1 mL cont\u00e9m:<\/span><br \/>\n<span style=\"font-size: 14px;\">17 \u03b2 estradiol \u2026\u2026\u2026\u2026\u2026\u2026\u2026\u2026\u2026\u2026\u202610 mg<\/span><br \/>\n<span style=\"font-size: 14px;\">Ve\u00edculo q.s.p\u2026\u2026\u2026\u2026\u2026\u2026\u2026\u2026\u2026\u2026\u2026\u2026\u2026.1 mL<\/span><\/span><\/p>\n<h2 style=\"background-image: initial; background-position: initial; background-size: initial; background-repeat: initial; background-attachment: initial; background-origin: initial; background-clip: initial; border: 0px; margin-right: 0px; margin-bottom: 18px; margin-left: 0px; padding: 0px; vertical-align: baseline; outline: none; font-family: Montserrat, Calibri, AppleGothic, 'MgOpen Modata', sans-serif; font-size: 24px; line-height: 36px; color: #444444; position: relative;\"><\/h2>\n<div id=\"cmsms_row_5a462dc195c70\" class=\"cmsms_row cmsms_color_scheme_default\" style=\"background-image: initial; background-position: initial; background-size: initial; background-repeat: initial; background-attachment: initial; background-origin: initial; background-clip: initial; border: 0px; margin: 0px; padding: 0px; vertical-align: baseline; outline: none; width: 872px; position: relative; color: #838383; font-family: 'Droid Sans', Calibri, AppleGothic, 'MgOpen Modata', sans-serif;\">\n<div class=\"cmsms_row_outer_parent\" style=\"background: transparent; border: 0px; margin: 0px; padding: 0px 0px 50px; vertical-align: baseline; outline: none; width: 872px; position: relative;\">\n<div class=\"cmsms_row_outer\" style=\"background: transparent; border: 0px; margin: 0px; padding: 0px; vertical-align: baseline; outline: none; width: 872px; position: relative;\">\n<div class=\"cmsms_row_inner\" style=\"background: transparent; border: 0px; margin: 0px auto; padding: 0px; vertical-align: baseline; outline: none; position: relative; width: 872px;\">\n<div class=\"cmsms_row_margin cmsms_11\" style=\"background: transparent; border: 0px; margin: 0px -18.0469px; padding: 0px; vertical-align: baseline; outline: none; position: relative;\">\n<div class=\"cmsms_column one_first\" style=\"background: transparent; border: 0px; margin: 0px 18.1563px; padding: 0px; vertical-align: baseline; outline: none; position: relative; min-height: 1px; float: none; width: 871.766px; clear: both;\">\n<div class=\"aligncenter\" style=\"background: transparent; border: 0px; margin: 0px; padding: 0px; vertical-align: baseline; outline: none; text-align: center;\">\n<div class=\"cmsms_img cmsms_image_c\" style=\"background: transparent; border: 0px; margin: 0px; padding: 0px; vertical-align: baseline; outline: none; text-align: left; display: inline-block; max-width: 100{bad89740ab836af8afd78adf22d5854117f226b234e4f8ee83a0ac8d28f68ffc}; border-radius: 5px;\"><img decoding=\"async\" style=\"display: inline-block; color: transparent; height: auto; font-size: 0px; max-width: 100{bad89740ab836af8afd78adf22d5854117f226b234e4f8ee83a0ac8d28f68ffc}; image-rendering: -webkit-optimize-contrast;\" src=\"http:\/\/botupharma.com.br\/wp-content\/uploads\/2017\/03\/qweq.jpg\" alt=\"\" \/><\/div>\n<\/div>\n<\/div>\n<\/div>\n<\/div>\n<\/div>\n<\/div>\n<\/div>\n<div id=\"cmsms_row_5a462dc197829\" class=\"cmsms_row cmsms_color_scheme_default\" style=\"background-image: initial; background-position: initial; background-size: initial; background-repeat: initial; background-attachment: initial; background-origin: initial; background-clip: initial; border: 0px; margin: 0px; padding: 0px; vertical-align: baseline; outline: none; width: 872px; position: relative; color: #838383; font-family: 'Droid Sans', Calibri, AppleGothic, 'MgOpen Modata', sans-serif;\">\n<div class=\"cmsms_row_outer_parent\" style=\"background: transparent; border: 0px; margin: 0px; padding: 0px 0px 50px; vertical-align: baseline; outline: none; width: 872px; position: relative;\">\n<div class=\"cmsms_row_outer\" style=\"background: transparent; border: 0px; margin: 0px; padding: 0px; vertical-align: baseline; outline: none; width: 872px; position: relative;\">\n<div class=\"cmsms_row_inner\" style=\"background: transparent; border: 0px; margin: 0px auto; padding: 0px; vertical-align: baseline; outline: none; position: relative; width: 872px;\">\n<div class=\"cmsms_row_margin cmsms_11\" style=\"background: transparent; border: 0px; margin: 0px -18.0469px; padding: 0px; vertical-align: baseline; outline: none; position: relative;\">\n<div class=\"cmsms_column one_first\" style=\"background: transparent; border: 0px; margin: 0px 18.1563px; padding: 0px; vertical-align: baseline; outline: none; position: relative; min-height: 1px; float: none; width: 871.766px; clear: both;\">\n<div class=\"cmsms_text\" style=\"background: transparent; border: 0px; margin: 0px; padding: 0px; vertical-align: baseline; outline: none;\">\n<p style=\"background: transparent; border: 0px; margin-bottom: 0px; padding: 0px 0px 18px; vertical-align: baseline; outline: none;\"><strong style=\"background: transparent; border: 0px; margin: 0px; padding: 0px; vertical-align: baseline; outline: none;\">INDICA\u00c7\u00d5ES:<\/strong><br \/>\n17 \u03b2eta \u00e9 o \u00fanico estrog\u00eanio bio-id\u00eantico ao fisiol\u00f3gico, indicado para indu\u00e7\u00e3o de sinais de estro em f\u00eameas equinas.<\/p>\n<p style=\"background: transparent; border: 0px; margin-bottom: 0px; padding: 0px 0px 18px; vertical-align: baseline; outline: none;\"><strong style=\"background: transparent; border: 0px; margin: 0px; padding: 0px; vertical-align: baseline; outline: none;\">VIA E FORMA DE ADMINISTRA\u00c7\u00c3O:<\/strong><br \/>\nProduto de uso injet\u00e1vel exclusivamente por via intramuscular profunda.<\/p>\n<p style=\"background: transparent; border: 0px; margin-bottom: 0px; padding: 0px 0px 18px; vertical-align: baseline; outline: none;\"><strong style=\"background: transparent; border: 0px; margin: 0px; padding: 0px; vertical-align: baseline; outline: none;\">MODO DE USAR:<\/strong><br \/>\nAplicar por via intramuscular profunda em \u00e9guas na dosagem de 1 a 2 mL (10 a 20 mg).<\/p>\n<\/div>\n<\/div>\n<\/div>\n<\/div>\n<\/div>\n<\/div>\n<\/div>\n<div id=\"cmsms_row_5a462dc1980d0\" class=\"cmsms_row cmsms_color_scheme_default\" style=\"background-image: initial; background-position: initial; background-size: initial; background-repeat: initial; background-attachment: initial; background-origin: initial; background-clip: initial; border: 0px; margin: 0px; padding: 0px; vertical-align: baseline; outline: none; width: 872px; position: relative; color: #838383; font-family: 'Droid Sans', Calibri, AppleGothic, 'MgOpen Modata', sans-serif;\">\n<div class=\"cmsms_row_outer_parent\" style=\"background: transparent; border: 0px; margin: 0px; padding: 0px 0px 50px; vertical-align: baseline; outline: none; width: 872px; position: relative;\">\n<div class=\"cmsms_row_outer\" style=\"background: transparent; border: 0px; margin: 0px; padding: 0px; vertical-align: baseline; outline: none; width: 872px; position: relative;\">\n<div class=\"cmsms_row_inner\" style=\"background: transparent; border: 0px; margin: 0px auto; padding: 0px; vertical-align: baseline; outline: none; position: relative; width: 872px;\">\n<div class=\"cmsms_row_margin cmsms_11\" style=\"background: transparent; border: 0px; margin: 0px -18.0469px; padding: 0px; vertical-align: baseline; outline: none; position: relative;\">\n<div class=\"cmsms_column one_first\" style=\"background: transparent; border: 0px; margin: 0px 18.1563px; padding: 0px; vertical-align: baseline; outline: none; position: relative; min-height: 1px; float: none; width: 871.766px; clear: both;\">\n<div class=\"aligncenter\" style=\"background: transparent; border: 0px; margin: 0px; padding: 0px; vertical-align: baseline; outline: none; text-align: center;\">\n<div class=\"cmsms_img cmsms_image_c\" style=\"background: transparent; border: 0px; margin: 0px; padding: 0px; vertical-align: baseline; outline: none; text-align: left; display: inline-block; max-width: 100{bad89740ab836af8afd78adf22d5854117f226b234e4f8ee83a0ac8d28f68ffc}; border-radius: 5px;\"><img decoding=\"async\" style=\"display: inline-block; color: transparent; height: auto; font-size: 0px; max-width: 100{bad89740ab836af8afd78adf22d5854117f226b234e4f8ee83a0ac8d28f68ffc}; image-rendering: -webkit-optimize-contrast;\" src=\"http:\/\/botupharma.com.br\/wp-content\/uploads\/2017\/03\/rets.jpg\" alt=\"\" \/><\/div>\n<\/div>\n<\/div>\n<\/div>\n<\/div>\n<\/div>\n<\/div>\n<\/div>\n","protected":false},"excerpt":{"rendered":"<p>17\u03b2 Estradiol Injet\u00e1vel USO VETERIN\u00c1RIO 17 \u03b2eta \u00e9 o \u00fanico estrog\u00eanio bio-id\u00eantico ao fisiol\u00f3gico, indicado para indu\u00e7\u00e3o de sinais de estro em<\/p>\n","protected":false},"featured_media":16058,"template":"","meta":{"_acf_changed":false},"product_brand":[953],"product_cat":[163,177,178,194],"product_tag":[986,217],"class_list":{"0":"post-16057","1":"product","2":"type-product","3":"status-publish","4":"has-post-thumbnail","6":"product_brand-botupharma","7":"product_cat-equinos","8":"product_cat-reproducao-2","9":"product_cat-suplementos-e-vitaminas-2","10":"product_cat-todos-os-produtos","11":"product_tag-botupharma","12":"product_tag-hormonio","14":"first","15":"instock","16":"purchasable","17":"product-type-simple"},"acf":[],"_links":{"self":[{"href":"https:\/\/vetsul.com\/index.php\/wp-json\/wp\/v2\/product\/16057","targetHints":{"allow":["GET"]}}],"collection":[{"href":"https:\/\/vetsul.com\/index.php\/wp-json\/wp\/v2\/product"}],"about":[{"href":"https:\/\/vetsul.com\/index.php\/wp-json\/wp\/v2\/types\/product"}],"wp:featuredmedia":[{"embeddable":true,"href":"https:\/\/vetsul.com\/index.php\/wp-json\/wp\/v2\/media\/16058"}],"wp:attachment":[{"href":"https:\/\/vetsul.com\/index.php\/wp-json\/wp\/v2\/media?parent=16057"}],"wp:term":[{"taxonomy":"product_brand","embeddable":true,"href":"https:\/\/vetsul.com\/index.php\/wp-json\/wp\/v2\/product_brand?post=16057"},{"taxonomy":"product_cat","embeddable":true,"href":"https:\/\/vetsul.com\/index.php\/wp-json\/wp\/v2\/product_cat?post=16057"},{"taxonomy":"product_tag","embeddable":true,"href":"https:\/\/vetsul.com\/index.php\/wp-json\/wp\/v2\/product_tag?post=16057"}],"curies":[{"name":"wp","href":"https:\/\/api.w.org\/{rel}","templated":true}]}}