{"id":16055,"date":"2017-12-29T09:57:13","date_gmt":"2017-12-29T11:57:13","guid":{"rendered":"http:\/\/35.194.95.18\/wp-admin\/?post_type=product&#038;p=16055"},"modified":"2025-04-07T11:54:28","modified_gmt":"2025-04-07T14:54:28","slug":"kit-p-congelamento-de-semen","status":"publish","type":"product","link":"https:\/\/vetsul.com\/index.php\/product\/kit-p-congelamento-de-semen\/","title":{"rendered":"Kit p\/ Congelamento de Semen"},"content":{"rendered":"<p><span style=\"color: rgb(131, 131, 131); font-family: &quot;Droid Sans&quot;, Calibri, AppleGothic, &quot;MgOpen Modata&quot;, sans-serif;\">Kit especialmente desenvolvido para facilitar o processo de congela\u00e7\u00e3o de s\u00eamen a campo.<\/span><\/p>\n<div id=\"cmsms_row_5a462cdf6575c\" class=\"cmsms_row cmsms_color_scheme_default\" style=\"background-image: initial; background-position: initial; background-size: initial; background-repeat: initial; background-attachment: initial; background-origin: initial; background-clip: initial; border: 0px; margin: 0px; padding: 0px; vertical-align: baseline; outline: none; width: 872px; position: relative; color: rgb(131, 131, 131); font-family: &quot;Droid Sans&quot;, Calibri, AppleGothic, &quot;MgOpen Modata&quot;, sans-serif;\">\n<div class=\"cmsms_row_outer_parent\" style=\"background: transparent; border: 0px; margin: 0px; padding: 0.1px 0px; vertical-align: baseline; outline: none; width: 872px; position: relative;\">\n<div class=\"cmsms_row_outer\" style=\"background: transparent; border: 0px; margin: 0px; padding: 0px; vertical-align: baseline; outline: none; width: 872px; position: relative;\">\n<div class=\"cmsms_row_inner\" style=\"background: transparent; border: 0px; margin: 0px auto; padding: 0px; vertical-align: baseline; outline: none; position: relative; width: 872px;\">\n<div class=\"cmsms_row_margin cmsms_11\" style=\"background: transparent; border: 0px; margin: 0px -18.0469px; padding: 0px; vertical-align: baseline; outline: none; position: relative;\">\n<div class=\"cmsms_column one_first\" style=\"background: transparent; border: 0px; margin: 0px 18.1563px; padding: 0px; vertical-align: baseline; outline: none; position: relative; min-height: 1px; float: none; width: 871.766px; clear: both;\">\n<div class=\"cmsms_text\" style=\"background: transparent; border: 0px; margin: 0px; padding: 0px; vertical-align: baseline; outline: none;\">\n<p style=\"background: transparent; border: 0px; margin-bottom: 0px; padding: 0px 0px 18px; vertical-align: baseline; outline: none;\">Proporciona a obten\u00e7\u00e3o de curvas ideais para congela\u00e7\u00e3o de s\u00eamen em caixas de isopor. Diversas pesquisas com criopreserva\u00e7\u00e3o de s\u00eamen confirmam a efici\u00eancia desse Kit.<\/p>\n<p style=\"background: transparent; border: 0px; margin-bottom: 0px; padding: 0px 0px 18px; vertical-align: baseline; outline: none;\"><strong style=\"background: transparent; border: 0px; margin: 0px; padding: 0px; vertical-align: baseline; outline: none;\">O KIT \u00c9 COMPOSTO POR:<\/strong><br \/>Bandeja de a\u00e7o inox para acondicionamento das palhetas, tanto para fase de estabiliza\u00e7\u00e3o na geladeira, como durante a curva negativa em caixa de isopor.<\/p>\n<p style=\"background: transparent; border: 0px; margin-bottom: 0px; padding: 0px 0px 18px; vertical-align: baseline; outline: none;\">Suporte de alum\u00ednio com dimens\u00f5es ideais para realiza\u00e7\u00e3o de curvas de congela\u00e7\u00e3o de s\u00eamen em caixa de isopor utilizando nitrog\u00eanio l\u00edquido.<\/p>\n<\/div>\n<\/div>\n<\/div>\n<\/div>\n<\/div>\n<\/div>\n<\/div>\n<div id=\"cmsms_row_5a462cdf65cfc\" class=\"cmsms_row cmsms_color_scheme_default\" style=\"background-image: initial; background-position: initial; background-size: initial; background-repeat: initial; background-attachment: initial; background-origin: initial; background-clip: initial; border: 0px; margin: 0px; padding: 0px; vertical-align: baseline; outline: none; width: 872px; position: relative; color: rgb(131, 131, 131); font-family: &quot;Droid Sans&quot;, Calibri, AppleGothic, &quot;MgOpen Modata&quot;, sans-serif;\">\n<div class=\"cmsms_row_outer_parent\" style=\"background: transparent; border: 0px; margin: 0px; padding: 0px 0px 50px; vertical-align: baseline; outline: none; width: 872px; position: relative;\">\n<div class=\"cmsms_row_outer\" style=\"background: transparent; border: 0px; margin: 0px; padding: 0px; vertical-align: baseline; outline: none; width: 872px; position: relative;\">\n<div class=\"cmsms_row_inner\" style=\"background: transparent; border: 0px; margin: 0px auto; padding: 0px; vertical-align: baseline; outline: none; position: relative; width: 872px;\">\n<div class=\"cmsms_row_margin cmsms_11\" style=\"background: transparent; border: 0px; margin: 0px -18.0469px; padding: 0px; vertical-align: baseline; outline: none; position: relative;\">\n<div class=\"cmsms_column one_first\" style=\"background: transparent; border: 0px; margin: 0px 18.1563px; padding: 0px; vertical-align: baseline; outline: none; position: relative; min-height: 1px; float: none; width: 871.766px; clear: both;\">\n<div class=\"aligncenter\" style=\"background: transparent; border: 0px; margin: 0px; padding: 0px; vertical-align: baseline; outline: none; text-align: center;\">\n<div class=\"cmsms_img  cmsms_image_c\" style=\"background: transparent; border: 0px; margin: 0px; padding: 0px; vertical-align: baseline; outline: none; text-align: left; display: inline-block; max-width: 100{bad89740ab836af8afd78adf22d5854117f226b234e4f8ee83a0ac8d28f68ffc}; border-radius: 5px;\"><img decoding=\"async\" src=\"http:\/\/botupharma.com.br\/wp-content\/uploads\/2016\/11\/Mesa_Semen_.jpg\" alt=\"\" style=\"display: inline-block; color: transparent; height: auto; font-size: 0px; max-width: 100{bad89740ab836af8afd78adf22d5854117f226b234e4f8ee83a0ac8d28f68ffc}; image-rendering: -webkit-optimize-contrast;\"><\/div>\n<\/div>\n<\/div>\n<\/div>\n<\/div>\n<\/div>\n<\/div>\n<\/div>\n<p><\/p>\n","protected":false},"excerpt":{"rendered":"<p>Kit especialmente desenvolvido para facilitar o processo de congela\u00e7\u00e3o de s\u00eamen a campo. Proporciona a obten\u00e7\u00e3o de curvas ideais para congela\u00e7\u00e3o de<\/p>\n","protected":false},"featured_media":16056,"template":"","meta":{"_acf_changed":false},"product_brand":[953],"product_cat":[163,166,177,178,194],"product_tag":[986],"class_list":{"0":"post-16055","1":"product","2":"type-product","3":"status-publish","4":"has-post-thumbnail","6":"product_brand-botupharma","7":"product_cat-equinos","8":"product_cat-equipamentos-utensilios-e-materiais-hospitalares","9":"product_cat-reproducao-2","10":"product_cat-suplementos-e-vitaminas-2","11":"product_cat-todos-os-produtos","12":"product_tag-botupharma","14":"first","15":"outofstock","16":"purchasable","17":"product-type-simple"},"acf":[],"_links":{"self":[{"href":"https:\/\/vetsul.com\/index.php\/wp-json\/wp\/v2\/product\/16055","targetHints":{"allow":["GET"]}}],"collection":[{"href":"https:\/\/vetsul.com\/index.php\/wp-json\/wp\/v2\/product"}],"about":[{"href":"https:\/\/vetsul.com\/index.php\/wp-json\/wp\/v2\/types\/product"}],"wp:featuredmedia":[{"embeddable":true,"href":"https:\/\/vetsul.com\/index.php\/wp-json\/wp\/v2\/media\/16056"}],"wp:attachment":[{"href":"https:\/\/vetsul.com\/index.php\/wp-json\/wp\/v2\/media?parent=16055"}],"wp:term":[{"taxonomy":"product_brand","embeddable":true,"href":"https:\/\/vetsul.com\/index.php\/wp-json\/wp\/v2\/product_brand?post=16055"},{"taxonomy":"product_cat","embeddable":true,"href":"https:\/\/vetsul.com\/index.php\/wp-json\/wp\/v2\/product_cat?post=16055"},{"taxonomy":"product_tag","embeddable":true,"href":"https:\/\/vetsul.com\/index.php\/wp-json\/wp\/v2\/product_tag?post=16055"}],"curies":[{"name":"wp","href":"https:\/\/api.w.org\/{rel}","templated":true}]}}