{"id":16053,"date":"2017-12-29T09:51:42","date_gmt":"2017-12-29T11:51:42","guid":{"rendered":"http:\/\/35.194.95.18\/wp-admin\/?post_type=product&#038;p=16053"},"modified":"2025-04-03T16:12:01","modified_gmt":"2025-04-03T19:12:01","slug":"botukiller","status":"publish","type":"product","link":"https:\/\/vetsul.com\/index.php\/product\/botukiller\/","title":{"rendered":"BotuKiller"},"content":{"rendered":"<div class=\"product_meta\" style=\"box-sizing: border-box; background: rgb(255, 255, 255); border: 0px; margin: 10px 0px 0px; padding: 0px; vertical-align: baseline; outline: none; text-align: left; position: relative; overflow: hidden; color: rgb(131, 131, 131); font-family: &quot;Droid Sans&quot;, Calibri, AppleGothic, &quot;MgOpen Modata&quot;, sans-serif; font-size: 13px; font-style: normal; font-variant-ligatures: normal; font-variant-caps: normal; font-weight: 400; letter-spacing: normal; orphans: 2; text-indent: 0px; text-transform: none; white-space: normal; widows: 2; word-spacing: 0px; -webkit-text-stroke-width: 0px; text-decoration-style: initial; text-decoration-color: initial;\"><\/div>\n<div itemprop=\"description\" style=\"box-sizing: border-box; background: rgb(255, 255, 255); border: 0px; margin: 0px; padding: 0px; vertical-align: baseline; outline: none; text-align: left; color: rgb(131, 131, 131); font-family: &quot;Droid Sans&quot;, Calibri, AppleGothic, &quot;MgOpen Modata&quot;, sans-serif; font-size: 13px; font-style: normal; font-variant-ligatures: normal; font-variant-caps: normal; font-weight: 400; letter-spacing: normal; orphans: 2; text-indent: 0px; text-transform: none; white-space: normal; widows: 2; word-spacing: 0px; -webkit-text-stroke-width: 0px; text-decoration-style: initial; text-decoration-color: initial;\">\n<h5 style=\"box-sizing: border-box; background: transparent; border: 0px; margin: 0px 0px 18px; padding: 0px; vertical-align: baseline; outline: none; font-weight: normal; font-family: Montserrat, Calibri, AppleGothic, &quot;MgOpen Modata&quot;, sans-serif; font-size: 16px; line-height: 24px; font-style: normal; text-transform: none; text-decoration: none; color: rgb(68, 68, 68); text-align: justify;\">Diluente de Limpeza Uterina. Durante a aplica\u00e7\u00e3o, utilizar luvas e evitar o contato com a pele e olhos. Antes da aplica\u00e7\u00e3o, realizar lavagem uterina com solu\u00e7\u00e3o de Ringer Lactato para remo\u00e7\u00e3o do excesso de conte\u00fado uterino e para maior a\u00e7\u00e3o do produto. Infundir todo o conte\u00fado de dois frascos dentro do \u00fatero para maior difus\u00e3o. Repetir o procedimento ap\u00f3s 48h com mais um frasco. Finalmente, 24 horas ap\u00f3s a \u00faltima infus\u00e3o, realizar lavagem uterina com Ringer Lactato. Quando utilizado em receptoras em anestro ou transi\u00e7\u00e3o, administrar uma dose de Estradiol no in\u00edcio do protocolo, para ativa\u00e7\u00e3o uterina e melhor a\u00e7\u00e3o do produto.<\/h5>\n<p style=\"box-sizing: border-box; background: transparent; border: 0px; margin: 0px; padding: 0px 0px 18px; vertical-align: baseline; outline: none;\"><strong style=\"box-sizing: border-box; background: transparent; border: 0px; margin: 0px; padding: 0px; vertical-align: baseline; outline: none; font-weight: bold;\">APRESENTA\u00c7\u00c3O:<\/strong><span>&nbsp;<\/span>90 mL<\/p>\n<p style=\"box-sizing: border-box; background: transparent; border: 0px; margin: 0px; padding: 0px 0px 18px; vertical-align: baseline; outline: none;\"><span style=\"text-align: justify;\">Modo de usar:<\/span><br style=\"text-align: justify;\"><span style=\"text-align: justify;\">Utilizar luvas durante a aplica\u00e7\u00e3o. Evitar o contato com a pele e olhos. Antes da aplica\u00e7\u00e3o, realizar lavagem uterina com solu\u00e7\u00e3o de Ringer Lactato para remo\u00e7\u00e3o do excesso de cont\u00e9udo uterino e para maior a\u00e7\u00e3o do produto. Infundir todo o cont\u00e9udo de 2 frascos dentro do \u00fatero para maior difus\u00e3o. Repetir o procedimento ap\u00f3s 48 h com mais 1 frasco. Finalmente, 24 h ap\u00f3s a \u00faltima infus\u00e3o realizar lavagem uterina com Ringer Lactato. Quando utilizado em Receptoras em anestro ou transi\u00e7\u00e3o, administrar uma dose de Estradiol no in\u00edcio do protocolo, para ativa\u00e7\u00e3o uterina e melhor a\u00e7\u00e3o do produto.<\/span><\/p>\n<\/div>\n","protected":false},"excerpt":{"rendered":"<p>Diluente de Limpeza Uterina. Durante a aplica\u00e7\u00e3o, utilizar luvas e evitar o contato com a pele e olhos. Antes da aplica\u00e7\u00e3o, realizar<\/p>\n","protected":false},"featured_media":16054,"template":"","meta":{"_acf_changed":false},"product_brand":[953],"product_cat":[163,177,194],"product_tag":[986],"class_list":{"0":"post-16053","1":"product","2":"type-product","3":"status-publish","4":"has-post-thumbnail","6":"product_brand-botupharma","7":"product_cat-equinos","8":"product_cat-reproducao-2","9":"product_cat-todos-os-produtos","10":"product_tag-botupharma","12":"first","13":"instock","14":"shipping-taxable","15":"purchasable","16":"product-type-simple"},"acf":[],"_links":{"self":[{"href":"https:\/\/vetsul.com\/index.php\/wp-json\/wp\/v2\/product\/16053","targetHints":{"allow":["GET"]}}],"collection":[{"href":"https:\/\/vetsul.com\/index.php\/wp-json\/wp\/v2\/product"}],"about":[{"href":"https:\/\/vetsul.com\/index.php\/wp-json\/wp\/v2\/types\/product"}],"wp:featuredmedia":[{"embeddable":true,"href":"https:\/\/vetsul.com\/index.php\/wp-json\/wp\/v2\/media\/16054"}],"wp:attachment":[{"href":"https:\/\/vetsul.com\/index.php\/wp-json\/wp\/v2\/media?parent=16053"}],"wp:term":[{"taxonomy":"product_brand","embeddable":true,"href":"https:\/\/vetsul.com\/index.php\/wp-json\/wp\/v2\/product_brand?post=16053"},{"taxonomy":"product_cat","embeddable":true,"href":"https:\/\/vetsul.com\/index.php\/wp-json\/wp\/v2\/product_cat?post=16053"},{"taxonomy":"product_tag","embeddable":true,"href":"https:\/\/vetsul.com\/index.php\/wp-json\/wp\/v2\/product_tag?post=16053"}],"curies":[{"name":"wp","href":"https:\/\/api.w.org\/{rel}","templated":true}]}}