{"id":16045,"date":"2017-12-28T10:25:45","date_gmt":"2017-12-28T12:25:45","guid":{"rendered":"http:\/\/35.194.95.18\/wp-admin\/?post_type=product&#038;p=16045"},"modified":"2026-04-24T14:22:32","modified_gmt":"2026-04-24T17:22:32","slug":"botumix-entrin-horse-botupharma","status":"publish","type":"product","link":"https:\/\/vetsul.com\/index.php\/product\/botumix-entrin-horse-botupharma\/","title":{"rendered":"Botumix Entrin Horse Botupharma"},"content":{"rendered":"<p>Entrin Horse<\/p>\n<p>\u201cEquil\u00edbrio Total\u201d<\/p>\n<p>\u201cBotumix Entrin Horse \u00e9 um suplemento vitam\u00ednico, mineral e amino\u00e1cido indicado para equ\u00eddeos. Possui em sua formula\u00e7\u00e3o Aluminosilicato de C\u00e1lcio e S\u00f3dio, L-Glutamina, FOS e MOS, componentes essenciais para que os animais alcancem um equil\u00edbrio total\u201d.<\/p>\n<p><\/p>\n<p>L-Glutamina<\/p>\n<p>FOS e MOS<\/p>\n<p>Aluminosilicato de C\u00e1lcio e S\u00f3dio<\/p>\n<p>Suplemento vitam\u00ednico, mineral e amino\u00e1cido para equ\u00eddeos<\/p>\n<p><\/p>\n<p>Apresenta\u00e7\u00e3o: 43 g<\/p>\n<p style=\"background-image: initial;background-position: initial;background-size: initial;background-attachment: initial;border: 0px;margin-bottom: 0px;padding: 0px 0px 18px;vertical-align: baseline;, sans-serif\"><strong style=\"background: transparent;border: 0px;margin: 0px;padding: 0px;vertical-align: baseline\"><br \/><\/strong><\/p>\n<p style=\"background-image: initial;background-position: initial;background-size: initial;background-attachment: initial;border: 0px;margin-bottom: 0px;padding: 0px 0px 18px;vertical-align: baseline;, sans-serif\"><strong style=\"background: transparent;border: 0px;margin: 0px;padding: 0px;vertical-align: baseline\">INDICA\u00c7\u00c2O DE USO:<\/strong><br \/>Suplementa\u00e7\u00e3o de vitaminas, minerais e amino\u00e1cidos para equ\u00eddeos.<\/p>\n<p style=\"background-image: initial;background-position: initial;background-size: initial;background-attachment: initial;border: 0px;margin-bottom: 0px;padding: 0px 0px 18px;vertical-align: baseline;, sans-serif\"><strong style=\"background: transparent;border: 0px;margin: 0px;padding: 0px;vertical-align: baseline\">MODO DE USAR:<\/strong><br \/>Fornecer diariamente por via oral.<br \/>Dose inicial: Equ\u00eddeos Adultos: 1 bisnaga a cada 12 horas.<br \/>Potros: Meia (1\/2) bisnaga a cada 12 horas.<br \/>Dose manuten\u00e7\u00e3o: Equ\u00eddeos Adultos: 1 bisnaga uma vez ao dia.<br \/>Potros: Meia (1\/2) bisnaga uma vez ao dia.<\/p>\n","protected":false},"excerpt":{"rendered":"<p>Entrin Horse \u201cEquil\u00edbrio Total\u201d \u201cBotumix Entrin Horse \u00e9 um suplemento vitam\u00ednico, mineral e amino\u00e1cido indicado para equ\u00eddeos. Possui em sua formula\u00e7\u00e3o Aluminosilicato<\/p>\n","protected":false},"featured_media":16046,"template":"","meta":{"_acf_changed":false},"product_brand":[953],"product_cat":[163,178,194],"product_tag":[986],"class_list":{"0":"post-16045","1":"product","2":"type-product","3":"status-publish","4":"has-post-thumbnail","6":"product_brand-botupharma","7":"product_cat-equinos","8":"product_cat-suplementos-e-vitaminas-2","9":"product_cat-todos-os-produtos","10":"product_tag-botupharma","12":"first","13":"outofstock","14":"shipping-taxable","15":"product-type-simple"},"acf":[],"_links":{"self":[{"href":"https:\/\/vetsul.com\/index.php\/wp-json\/wp\/v2\/product\/16045","targetHints":{"allow":["GET"]}}],"collection":[{"href":"https:\/\/vetsul.com\/index.php\/wp-json\/wp\/v2\/product"}],"about":[{"href":"https:\/\/vetsul.com\/index.php\/wp-json\/wp\/v2\/types\/product"}],"wp:featuredmedia":[{"embeddable":true,"href":"https:\/\/vetsul.com\/index.php\/wp-json\/wp\/v2\/media\/16046"}],"wp:attachment":[{"href":"https:\/\/vetsul.com\/index.php\/wp-json\/wp\/v2\/media?parent=16045"}],"wp:term":[{"taxonomy":"product_brand","embeddable":true,"href":"https:\/\/vetsul.com\/index.php\/wp-json\/wp\/v2\/product_brand?post=16045"},{"taxonomy":"product_cat","embeddable":true,"href":"https:\/\/vetsul.com\/index.php\/wp-json\/wp\/v2\/product_cat?post=16045"},{"taxonomy":"product_tag","embeddable":true,"href":"https:\/\/vetsul.com\/index.php\/wp-json\/wp\/v2\/product_tag?post=16045"}],"curies":[{"name":"wp","href":"https:\/\/api.w.org\/{rel}","templated":true}]}}