{"id":16041,"date":"2017-12-28T10:04:08","date_gmt":"2017-12-28T12:04:08","guid":{"rendered":"http:\/\/35.194.95.18\/wp-admin\/?post_type=product&#038;p=16041"},"modified":"2026-04-24T14:22:32","modified_gmt":"2026-04-24T17:22:32","slug":"botu-crio","status":"publish","type":"product","link":"https:\/\/vetsul.com\/index.php\/product\/botu-crio\/","title":{"rendered":"Botu Crio"},"content":{"rendered":"<p style=\"background-image: initial; background-position: initial; background-size: initial; background-repeat: initial; background-attachment: initial; background-origin: initial; background-clip: initial; border: 0px; margin-bottom: 0px; padding: 0px 0px 18px; vertical-align: baseline; outline: none; font-family: &quot;Droid Sans&quot;, Calibri, AppleGothic, &quot;MgOpen Modata&quot;, sans-serif; text-align: justify;\"><b style=\"\"><span style=\"font-size: 24px; background-color: rgb(255, 255, 0);\">Ao Comprar este produto adicionar tamb\u00e9m o produto ISOPOR<\/span><\/b><\/p>\n<p style=\"background-image: initial; background-position: initial; background-size: initial; background-repeat: initial; background-attachment: initial; background-origin: initial; background-clip: initial; border: 0px; margin-bottom: 0px; padding: 0px 0px 18px; vertical-align: baseline; outline: none; font-family: &quot;Droid Sans&quot;, Calibri, AppleGothic, &quot;MgOpen Modata&quot;, sans-serif; text-align: justify;\"><b style=\"\"><span style=\"font-size: 18px; background-color: rgb(255, 255, 0);\">CONSULTAR DISPONIBILIDADE DE ENVIO!!<\/span><\/b><b style=\"\"><span style=\"font-size: 24px; background-color: rgb(255, 255, 0);\"><br \/><\/span><\/b><span style=\"background: transparent; border: 0px; margin: 0px; padding: 0px; vertical-align: baseline; outline: none; color: rgb(51, 153, 102); background-image: initial; background-position: initial; background-size: initial; background-repeat: initial; background-attachment: initial; background-origin: initial; background-clip: initial; border-style: initial; border-color: initial; border-image: initial; outline-color: initial; outline-width: initial;\"><\/span><\/p>\n<h3 style=\"background-image: initial; background-position: initial; background-size: initial; background-repeat: initial; background-attachment: initial; background-origin: initial; background-clip: initial; border: 0px; margin-right: 0px; margin-bottom: 18px; margin-left: 0px; padding: 0px; vertical-align: baseline; outline: none; font-family: Montserrat, Calibri, AppleGothic, &quot;MgOpen Modata&quot;, sans-serif; font-size: 24px; line-height: 36px; color: rgb(68, 68, 68);\"><span style=\"font-size: 12px;\">Diluente para refrigera\u00e7\u00e3o de s\u00eamen equino desenvolvido para prote\u00e7\u00e3o da integridade dos espermatozoides.<\/span><\/h3>\n<p style=\"background-image: initial; background-position: initial; background-size: initial; background-repeat: initial; background-attachment: initial; background-origin: initial; background-clip: initial; border: 0px; margin-bottom: 0px; padding: 0px 0px 18px; vertical-align: baseline; outline: none; color: rgb(131, 131, 131); font-family: &quot;Droid Sans&quot;, Calibri, AppleGothic, &quot;MgOpen Modata&quot;, sans-serif; text-align: justify;\"><span style=\"background: transparent; border: 0px; margin: 0px; padding: 0px; vertical-align: baseline; outline: none; color: rgb(51, 153, 102);\">BOTUCRIO&nbsp;<\/span>\u00e9 um diluente que apresenta formula\u00e7\u00e3o nova e inovadora desenvolvido ap\u00f3s anos de pesquisa para congela\u00e7\u00e3o de s\u00eamen equino atrav\u00e9s detestes de fertilidade e testes de campo multic\u00eantrico realizados na Universidade Estadual Paulista, Brasil.<\/p>\n<div style=\"background-image: initial; background-position: initial; background-size: initial; background-repeat: initial; background-attachment: initial; background-origin: initial; background-clip: initial; border: 0px; margin: 0px; padding: 0px; vertical-align: baseline; outline: none; text-align: justify; color: rgb(131, 131, 131); font-family: &quot;Droid Sans&quot;, Calibri, AppleGothic, &quot;MgOpen Modata&quot;, sans-serif;\"><span style=\"background: transparent; border: 0px; margin: 0px; padding: 0px; vertical-align: baseline; outline: none; color: rgb(51, 153, 102);\">BOTUCRIO&nbsp;<\/span>possui em sua formula\u00e7\u00e3o subst\u00e2ncias inovadoras para a prote\u00e7\u00e3o da integridade dos espermatozoides.&nbsp;<span style=\"background: transparent; border: 0px; margin: 0px; padding: 0px; vertical-align: baseline; outline: none; color: rgb(51, 153, 102);\">BOTUCRIO<\/span>&nbsp;combina os melhores componentes para proteger as c\u00e9lulas dos danos causados \u200b\u200bpelo congelamento e para proteger a sua fertilidade ap\u00f3s o descongelamento.<\/div>\n<div style=\"background-image: initial; background-position: initial; background-size: initial; background-repeat: initial; background-attachment: initial; background-origin: initial; background-clip: initial; border: 0px; margin: 0px; padding: 0px; vertical-align: baseline; outline: none; text-align: justify; color: rgb(131, 131, 131); font-family: &quot;Droid Sans&quot;, Calibri, AppleGothic, &quot;MgOpen Modata&quot;, sans-serif;\"><\/div>\n<div style=\"background-image: initial; background-position: initial; background-size: initial; background-repeat: initial; background-attachment: initial; background-origin: initial; background-clip: initial; border: 0px; margin: 0px; padding: 0px; vertical-align: baseline; outline: none; text-align: justify; color: rgb(131, 131, 131); font-family: &quot;Droid Sans&quot;, Calibri, AppleGothic, &quot;MgOpen Modata&quot;, sans-serif;\"><span style=\"background: transparent; border: 0px; margin: 0px; padding: 0px; vertical-align: baseline; outline: none; color: rgb(51, 153, 102);\">BOTUCRIO&nbsp;<\/span>oferece os melhores par\u00e2metros de motilidade. A formula\u00e7\u00e3o de&nbsp;<span style=\"background: transparent; border: 0px; margin: 0px; padding: 0px; vertical-align: baseline; outline: none; color: rgb(51, 153, 102);\">BOTUCRIO<\/span>&nbsp;resulta em uma melhor integridade, velocidade e viabilidade dos espermatozoides. Al\u00e9m disso, proporciona melhor motilidade ap\u00f3s degelo total e progressivo em compara\u00e7\u00e3o aos outros diluentes de congela\u00e7\u00e3o comercialmente dispon\u00edveis.<\/div>\n<div style=\"background-image: initial; background-position: initial; background-size: initial; background-repeat: initial; background-attachment: initial; background-origin: initial; background-clip: initial; border: 0px; margin: 0px; padding: 0px; vertical-align: baseline; outline: none; text-align: justify; color: rgb(131, 131, 131); font-family: &quot;Droid Sans&quot;, Calibri, AppleGothic, &quot;MgOpen Modata&quot;, sans-serif;\"><\/div>\n<div style=\"background-image: initial; background-position: initial; background-size: initial; background-repeat: initial; background-attachment: initial; background-origin: initial; background-clip: initial; border: 0px; margin: 0px; padding: 0px; vertical-align: baseline; outline: none; text-align: justify; color: rgb(131, 131, 131); font-family: &quot;Droid Sans&quot;, Calibri, AppleGothic, &quot;MgOpen Modata&quot;, sans-serif;\"><span style=\"background: transparent; border: 0px; margin: 0px; padding: 0px; vertical-align: baseline; outline: none; color: rgb(51, 153, 102);\">BOTUCRIO&nbsp;<span style=\"background: transparent; border: 0px; margin: 0px; padding: 0px; vertical-align: baseline; outline: none; color: rgb(0, 0, 0);\">apresenta as melhores taxas de fertilidade. Estudos indicam que esperma de garanh\u00e3o congelado com&nbsp;<span style=\"background: transparent; border: 0px; margin: 0px; padding: 0px; vertical-align: baseline; outline: none; color: rgb(51, 153, 102);\">BOTUCRIO<\/span>&nbsp;tem melhor fertilidade em compara\u00e7\u00e3o aos outros diluentes. Estes resultados&nbsp;<em style=\"background: transparent; border: 0px; margin: 0px; padding: 0px; vertical-align: baseline; outline: none;\">in vitro<\/em>&nbsp;foram confirmados durante experimentos de campo ao fornecer maiores taxas de prenhez por ciclo ap\u00f3s insemina\u00e7\u00e3o.<\/span><\/span><\/div>\n<div style=\"background-image: initial; background-position: initial; background-size: initial; background-repeat: initial; background-attachment: initial; background-origin: initial; background-clip: initial; border: 0px; margin: 0px; padding: 0px; vertical-align: baseline; outline: none; text-align: justify; color: rgb(131, 131, 131); font-family: &quot;Droid Sans&quot;, Calibri, AppleGothic, &quot;MgOpen Modata&quot;, sans-serif;\"><\/div>\n<div style=\"background-image: initial; background-position: initial; background-size: initial; background-repeat: initial; background-attachment: initial; background-origin: initial; background-clip: initial; border: 0px; margin: 0px; padding: 0px; vertical-align: baseline; outline: none; text-align: justify; color: rgb(131, 131, 131); font-family: &quot;Droid Sans&quot;, Calibri, AppleGothic, &quot;MgOpen Modata&quot;, sans-serif;\">Em estudos internacionais,&nbsp;<span style=\"background: transparent; border: 0px; margin: 0px; padding: 0px; vertical-align: baseline; outline: none; color: rgb(51, 153, 102);\">BOTUCRIO<\/span>&nbsp;quando comparado a outros diluentes de congela\u00e7\u00e3o, sempre apresentou os melhores resultados de congelabilidade e fertilidade.&nbsp;<strong style=\"background: transparent; border: 0px; margin: 0px; padding: 0px; vertical-align: baseline; outline: none;\"><span style=\"background: transparent; border: 0px; margin: 0px; padding: 0px; vertical-align: baseline; outline: none; color: rgb(51, 153, 102);\">BOTUCRIO<\/span>&nbsp;\u00e9 o diluente mais utilizado no todo mundo.<\/strong><\/div>\n<div style=\"background-image: initial; background-position: initial; background-size: initial; background-repeat: initial; background-attachment: initial; background-origin: initial; background-clip: initial; border: 0px; margin: 0px; padding: 0px; vertical-align: baseline; outline: none; text-align: justify; color: rgb(131, 131, 131); font-family: &quot;Droid Sans&quot;, Calibri, AppleGothic, &quot;MgOpen Modata&quot;, sans-serif;\"><\/div>\n<div style=\"background-image: initial; background-position: initial; background-size: initial; background-repeat: initial; background-attachment: initial; background-origin: initial; background-clip: initial; border: 0px; margin: 0px; padding: 0px; vertical-align: baseline; outline: none; text-align: justify; color: rgb(131, 131, 131); font-family: &quot;Droid Sans&quot;, Calibri, AppleGothic, &quot;MgOpen Modata&quot;, sans-serif;\"><span style=\"background: transparent; border: 0px; margin: 0px; padding: 0px; vertical-align: baseline; outline: none; color: rgb(51, 153, 102);\">BOTUCRIO &nbsp;&amp; EQUIPURE<\/span><\/div>\n<p style=\"background-image: initial; background-position: initial; background-size: initial; background-repeat: initial; background-attachment: initial; background-origin: initial; background-clip: initial; border: 0px; margin-bottom: 0px; padding: 0px 0px 18px; vertical-align: baseline; outline: none; color: rgb(131, 131, 131); font-family: &quot;Droid Sans&quot;, Calibri, AppleGothic, &quot;MgOpen Modata&quot;, sans-serif; text-align: justify;\">A combina\u00e7\u00e3o dos produtos EQUIPURE e<span style=\"background: transparent; border: 0px; margin: 0px; padding: 0px; vertical-align: baseline; outline: none; color: rgb(51, 153, 102);\">&nbsp;BOTUCRIO<\/span>&nbsp;fornece a melhor maneira para congela\u00e7\u00e3o de s\u00eamen de garanh\u00f5es que anteriormente eram incapazes de serem congelados comercialmente. Devido \u00e0 melhor qualidade de s\u00eamen e maior fertilidade,&nbsp;<span style=\"background: transparent; border: 0px; margin: 0px; padding: 0px; vertical-align: baseline; outline: none; color: rgb(51, 153, 102);\">BOTUCRIO<\/span>&nbsp;\u00e9 usado para garanh\u00f5es do mundo inteiro. Centros de congelamento na Am\u00e9rica do Norte e do Sul, Austr\u00e1lia, Europa e Oriente M\u00e9dio aprovam os benef\u00edcios do uso de&nbsp;<span style=\"background: transparent; border: 0px; margin: 0px; padding: 0px; vertical-align: baseline; outline: none; color: rgb(51, 153, 102);\">BOTUCRIO.<\/span><\/p>\n<p style=\"background-image: initial; background-position: initial; background-size: initial; background-repeat: initial; background-attachment: initial; background-origin: initial; background-clip: initial; border: 0px; margin-bottom: 0px; padding: 0px 0px 18px; vertical-align: baseline; outline: none; font-family: &quot;Droid Sans&quot;, Calibri, AppleGothic, &quot;MgOpen Modata&quot;, sans-serif; text-align: justify;\"><font color=\"#339966\" style=\"background-color: rgb(255, 255, 0);\"><b><span style=\"font-size: 18px;\">CONSULTAR DISPONIBILIDADE DE ENVIO!!<\/span><\/b><\/font><\/p>\n","protected":false},"excerpt":{"rendered":"<p>Ao Comprar este produto adicionar tamb\u00e9m o produto ISOPOR CONSULTAR DISPONIBILIDADE DE ENVIO!! Diluente para refrigera\u00e7\u00e3o de s\u00eamen equino desenvolvido para prote\u00e7\u00e3o<\/p>\n","protected":false},"featured_media":16042,"template":"","meta":{"_acf_changed":false},"product_brand":[953],"product_cat":[163,177,194],"product_tag":[986],"class_list":{"0":"post-16041","1":"product","2":"type-product","3":"status-publish","4":"has-post-thumbnail","6":"product_brand-botupharma","7":"product_cat-equinos","8":"product_cat-reproducao-2","9":"product_cat-todos-os-produtos","10":"product_tag-botupharma","12":"first","13":"instock","14":"shipping-taxable","15":"purchasable","16":"product-type-simple"},"acf":[],"_links":{"self":[{"href":"https:\/\/vetsul.com\/index.php\/wp-json\/wp\/v2\/product\/16041","targetHints":{"allow":["GET"]}}],"collection":[{"href":"https:\/\/vetsul.com\/index.php\/wp-json\/wp\/v2\/product"}],"about":[{"href":"https:\/\/vetsul.com\/index.php\/wp-json\/wp\/v2\/types\/product"}],"wp:featuredmedia":[{"embeddable":true,"href":"https:\/\/vetsul.com\/index.php\/wp-json\/wp\/v2\/media\/16042"}],"wp:attachment":[{"href":"https:\/\/vetsul.com\/index.php\/wp-json\/wp\/v2\/media?parent=16041"}],"wp:term":[{"taxonomy":"product_brand","embeddable":true,"href":"https:\/\/vetsul.com\/index.php\/wp-json\/wp\/v2\/product_brand?post=16041"},{"taxonomy":"product_cat","embeddable":true,"href":"https:\/\/vetsul.com\/index.php\/wp-json\/wp\/v2\/product_cat?post=16041"},{"taxonomy":"product_tag","embeddable":true,"href":"https:\/\/vetsul.com\/index.php\/wp-json\/wp\/v2\/product_tag?post=16041"}],"curies":[{"name":"wp","href":"https:\/\/api.w.org\/{rel}","templated":true}]}}