{"id":16039,"date":"2017-12-28T09:47:25","date_gmt":"2017-12-28T11:47:25","guid":{"rendered":"http:\/\/35.194.95.18\/wp-admin\/?post_type=product&#038;p=16039"},"modified":"2025-04-04T09:33:50","modified_gmt":"2025-04-04T12:33:50","slug":"copo-coletor-para-semen-equino-270-ml-botupharma","status":"publish","type":"product","link":"https:\/\/vetsul.com\/index.php\/product\/copo-coletor-para-semen-equino-270-ml-botupharma\/","title":{"rendered":"COPO COLETOR PARA SEMEN EQUINO 270 ML &#8211; BOTUPHARMA"},"content":{"rendered":"<p><span style=\"color: rgb(93, 93, 93); font-family: Roboto, sans-serif; font-size: 12px; text-align: justify;\">Copo coletor revestido com poliuretano, isot\u00e9rmico e protegido de raios solares, conferindo prote\u00e7\u00e3o ideal aos espermatozoides rec\u00e9m colhidos.<\/span><\/p>\n","protected":false},"excerpt":{"rendered":"<p>Copo coletor revestido com poliuretano, isot\u00e9rmico e protegido de raios solares, conferindo prote\u00e7\u00e3o ideal aos espermatozoides rec\u00e9m colhidos.<\/p>\n","protected":false},"featured_media":16040,"template":"","meta":{"_acf_changed":false},"product_brand":[953],"product_cat":[163,166,177,178,194],"product_tag":[986],"class_list":{"0":"post-16039","1":"product","2":"type-product","3":"status-publish","4":"has-post-thumbnail","6":"product_brand-botupharma","7":"product_cat-equinos","8":"product_cat-equipamentos-utensilios-e-materiais-hospitalares","9":"product_cat-reproducao-2","10":"product_cat-suplementos-e-vitaminas-2","11":"product_cat-todos-os-produtos","12":"product_tag-botupharma","14":"first","15":"instock","16":"shipping-taxable","17":"purchasable","18":"product-type-simple"},"acf":[],"_links":{"self":[{"href":"https:\/\/vetsul.com\/index.php\/wp-json\/wp\/v2\/product\/16039","targetHints":{"allow":["GET"]}}],"collection":[{"href":"https:\/\/vetsul.com\/index.php\/wp-json\/wp\/v2\/product"}],"about":[{"href":"https:\/\/vetsul.com\/index.php\/wp-json\/wp\/v2\/types\/product"}],"wp:featuredmedia":[{"embeddable":true,"href":"https:\/\/vetsul.com\/index.php\/wp-json\/wp\/v2\/media\/16040"}],"wp:attachment":[{"href":"https:\/\/vetsul.com\/index.php\/wp-json\/wp\/v2\/media?parent=16039"}],"wp:term":[{"taxonomy":"product_brand","embeddable":true,"href":"https:\/\/vetsul.com\/index.php\/wp-json\/wp\/v2\/product_brand?post=16039"},{"taxonomy":"product_cat","embeddable":true,"href":"https:\/\/vetsul.com\/index.php\/wp-json\/wp\/v2\/product_cat?post=16039"},{"taxonomy":"product_tag","embeddable":true,"href":"https:\/\/vetsul.com\/index.php\/wp-json\/wp\/v2\/product_tag?post=16039"}],"curies":[{"name":"wp","href":"https:\/\/api.w.org\/{rel}","templated":true}]}}