{"id":16037,"date":"2017-12-28T09:40:58","date_gmt":"2017-12-28T11:40:58","guid":{"rendered":"http:\/\/35.194.95.18\/wp-admin\/?post_type=product&#038;p=16037"},"modified":"2025-04-03T16:12:01","modified_gmt":"2025-04-03T19:12:01","slug":"camisinha-p-copo-coletor","status":"publish","type":"product","link":"https:\/\/vetsul.com\/index.php\/product\/camisinha-p-copo-coletor\/","title":{"rendered":"CAMISINHA P\/ COPO COLETOR"},"content":{"rendered":"<p><span style=\"color: rgb(93, 93, 93); font-family: Roboto, sans-serif; font-size: 12px; text-align: justify;\">Camisinhas reutiliz\u00e1veis que permitem otimiza\u00e7\u00e3o do uso do copo coletor e mat\u00e9m a higiene deste, durante o procedimento de colheita.<\/span><\/p>\n<div style=\"text-align: justify;\"><font color=\"#5d5d5d\" face=\"Roboto, sans-serif\"><span style=\"font-size: 12px;\">Compat\u00edvel<\/span><\/font><span style=\"color: rgb(93, 93, 93); font-family: Roboto, sans-serif; font-size: 12px; text-align: justify;\">&nbsp;com copo coletor Botupharma&nbsp;<\/span><\/div>\n<p><\/p>\n","protected":false},"excerpt":{"rendered":"<p>Camisinhas reutiliz\u00e1veis que permitem otimiza\u00e7\u00e3o do uso do copo coletor e mat\u00e9m a higiene deste, durante o procedimento de colheita. Compat\u00edvel&nbsp;com copo<\/p>\n","protected":false},"featured_media":16038,"template":"","meta":{"_acf_changed":false},"product_brand":[953],"product_cat":[163,166,177,178,194],"product_tag":[986,205,204],"class_list":{"0":"post-16037","1":"product","2":"type-product","3":"status-publish","4":"has-post-thumbnail","6":"product_brand-botupharma","7":"product_cat-equinos","8":"product_cat-equipamentos-utensilios-e-materiais-hospitalares","9":"product_cat-reproducao-2","10":"product_cat-suplementos-e-vitaminas-2","11":"product_cat-todos-os-produtos","12":"product_tag-botupharma","13":"product_tag-camisinha","14":"product_tag-camisinha-p-copo-coletor","16":"first","17":"instock","18":"shipping-taxable","19":"purchasable","20":"product-type-simple"},"acf":[],"_links":{"self":[{"href":"https:\/\/vetsul.com\/index.php\/wp-json\/wp\/v2\/product\/16037","targetHints":{"allow":["GET"]}}],"collection":[{"href":"https:\/\/vetsul.com\/index.php\/wp-json\/wp\/v2\/product"}],"about":[{"href":"https:\/\/vetsul.com\/index.php\/wp-json\/wp\/v2\/types\/product"}],"wp:featuredmedia":[{"embeddable":true,"href":"https:\/\/vetsul.com\/index.php\/wp-json\/wp\/v2\/media\/16038"}],"wp:attachment":[{"href":"https:\/\/vetsul.com\/index.php\/wp-json\/wp\/v2\/media?parent=16037"}],"wp:term":[{"taxonomy":"product_brand","embeddable":true,"href":"https:\/\/vetsul.com\/index.php\/wp-json\/wp\/v2\/product_brand?post=16037"},{"taxonomy":"product_cat","embeddable":true,"href":"https:\/\/vetsul.com\/index.php\/wp-json\/wp\/v2\/product_cat?post=16037"},{"taxonomy":"product_tag","embeddable":true,"href":"https:\/\/vetsul.com\/index.php\/wp-json\/wp\/v2\/product_tag?post=16037"}],"curies":[{"name":"wp","href":"https:\/\/api.w.org\/{rel}","templated":true}]}}