{"id":16034,"date":"2017-12-27T15:13:33","date_gmt":"2017-12-27T17:13:33","guid":{"rendered":"http:\/\/35.194.95.18\/wp-admin\/?post_type=product&#038;p=16034"},"modified":"2025-04-03T16:12:01","modified_gmt":"2025-04-03T19:12:01","slug":"botumix-garanhao-plus","status":"publish","type":"product","link":"https:\/\/vetsul.com\/index.php\/product\/botumix-garanhao-plus\/","title":{"rendered":"BOTUMIX GARANH\u00c3O PLUS"},"content":{"rendered":"<p style=\"background-image: initial; background-position: initial; background-size: initial; background-repeat: initial; background-attachment: initial; background-origin: initial; background-clip: initial; border: 0px; margin-bottom: 0px; padding: 0px 0px 18px; vertical-align: baseline; outline: none; color: #838383; font-family: 'Droid Sans', Calibri, AppleGothic, 'MgOpen Modata', sans-serif;\">Suplementa\u00e7\u00e3o de vitaminas, minerais e amino\u00e1cidos, indicado para equinos machos reprodutores. Auxilia na fun\u00e7\u00e3o reprodutiva do macho.<\/p>\n<p style=\"background-image: initial; background-position: initial; background-size: initial; background-repeat: initial; background-attachment: initial; background-origin: initial; background-clip: initial; border: 0px; margin-bottom: 0px; padding: 0px 0px 18px; vertical-align: baseline; outline: none; color: #838383; font-family: 'Droid Sans', Calibri, AppleGothic, 'MgOpen Modata', sans-serif;\"><span style=\"background: transparent; border: 0px; margin: 0px; padding: 0px; vertical-align: baseline; outline: none; font-family: helvetica, arial, sans-serif; font-size: 12px; color: #000000;\">L-Carnitina<\/span><\/p>\n<p style=\"background-image: initial; background-position: initial; background-size: initial; background-repeat: initial; background-attachment: initial; background-origin: initial; background-clip: initial; border: 0px; margin-bottom: 0px; padding: 0px 0px 18px; vertical-align: baseline; outline: none; color: #838383; font-family: 'Droid Sans', Calibri, AppleGothic, 'MgOpen Modata', sans-serif;\"><span style=\"background: transparent; border: 0px; margin: 0px; padding: 0px; vertical-align: baseline; outline: none; font-family: helvetica, arial, sans-serif; font-size: 12px; color: #000000;\">S\u00ealenio<\/span><\/p>\n<p style=\"background-image: initial; background-position: initial; background-size: initial; background-repeat: initial; background-attachment: initial; background-origin: initial; background-clip: initial; border: 0px; margin-bottom: 0px; padding: 0px 0px 18px; vertical-align: baseline; outline: none; color: #838383; font-family: 'Droid Sans', Calibri, AppleGothic, 'MgOpen Modata', sans-serif;\"><span style=\"background: transparent; border: 0px; margin: 0px; padding: 0px; vertical-align: baseline; outline: none; font-family: helvetica, arial, sans-serif; font-size: 12px; color: #000000;\">Zinco<\/span><\/p>\n<p style=\"background-image: initial; background-position: initial; background-size: initial; background-repeat: initial; background-attachment: initial; background-origin: initial; background-clip: initial; border: 0px; margin-bottom: 0px; padding: 0px 0px 18px; vertical-align: baseline; outline: none; color: #838383; font-family: 'Droid Sans', Calibri, AppleGothic, 'MgOpen Modata', sans-serif;\">Suplemento vitam\u00ednico, mineral e amino\u00e1cido para equinos<\/p>\n<p style=\"background-image: initial; background-position: initial; background-size: initial; background-repeat: initial; background-attachment: initial; background-origin: initial; background-clip: initial; border: 0px; margin-bottom: 0px; padding: 0px 0px 18px; vertical-align: baseline; outline: none; color: #838383; font-family: 'Droid Sans', Calibri, AppleGothic, 'MgOpen Modata', sans-serif;\"><span style=\"background: transparent; border: 0px; margin: 0px; padding: 0px; vertical-align: baseline; outline: none; font-size: 12pt;\"><strong style=\"background: transparent; border: 0px; margin: 0px; padding: 0px; vertical-align: baseline; outline: none;\">Apresenta\u00e7\u00e3o:<\/strong>\u00a01,5 L<\/span><\/p>\n<p style=\"background-image: initial; background-position: initial; background-size: initial; background-repeat: initial; background-attachment: initial; background-origin: initial; background-clip: initial; border: 0px; margin-bottom: 0px; padding: 0px 0px 18px; vertical-align: baseline; outline: none; color: #838383; font-family: 'Droid Sans', Calibri, AppleGothic, 'MgOpen Modata', sans-serif;\"><span style=\"background: transparent; border: 0px; margin: 0px; padding: 0px; vertical-align: baseline; outline: none; color: #000000;\">MODO DE USAR:<\/span><br \/>\nFornecer diariamente por via oral.<br \/>\nDose: 50 mL uma vez ao dia.<\/p>\n<p style=\"background-image: initial; background-position: initial; background-size: initial; background-repeat: initial; background-attachment: initial; background-origin: initial; background-clip: initial; border: 0px; margin-bottom: 0px; padding: 0px 0px 18px; vertical-align: baseline; outline: none; color: #838383; font-family: 'Droid Sans', Calibri, AppleGothic, 'MgOpen Modata', sans-serif;\">AGITE ANTES DE USAR<\/p>\n<p style=\"background-image: initial; background-position: initial; background-size: initial; background-repeat: initial; background-attachment: initial; background-origin: initial; background-clip: initial; border: 0px; margin-bottom: 0px; padding: 0px 0px 18px; vertical-align: baseline; outline: none; color: #838383; font-family: 'Droid Sans', Calibri, AppleGothic, 'MgOpen Modata', sans-serif;\">NO DOPPING<\/p>\n","protected":false},"excerpt":{"rendered":"<p>Suplementa\u00e7\u00e3o de vitaminas, minerais e amino\u00e1cidos, indicado para equinos machos reprodutores. Auxilia na fun\u00e7\u00e3o reprodutiva do macho. L-Carnitina S\u00ealenio Zinco Suplemento vitam\u00ednico,<\/p>\n","protected":false},"featured_media":17662,"template":"","meta":{"_acf_changed":false},"product_brand":[953],"product_cat":[163,177,178,194],"product_tag":[986,202,201],"class_list":{"0":"post-16034","1":"product","2":"type-product","3":"status-publish","4":"has-post-thumbnail","6":"product_brand-botupharma","7":"product_cat-equinos","8":"product_cat-reproducao-2","9":"product_cat-suplementos-e-vitaminas-2","10":"product_cat-todos-os-produtos","11":"product_tag-botupharma","12":"product_tag-reproducoo-3","13":"product_tag-suplemento","15":"first","16":"instock","17":"shipping-taxable","18":"purchasable","19":"product-type-simple"},"acf":[],"_links":{"self":[{"href":"https:\/\/vetsul.com\/index.php\/wp-json\/wp\/v2\/product\/16034","targetHints":{"allow":["GET"]}}],"collection":[{"href":"https:\/\/vetsul.com\/index.php\/wp-json\/wp\/v2\/product"}],"about":[{"href":"https:\/\/vetsul.com\/index.php\/wp-json\/wp\/v2\/types\/product"}],"wp:featuredmedia":[{"embeddable":true,"href":"https:\/\/vetsul.com\/index.php\/wp-json\/wp\/v2\/media\/17662"}],"wp:attachment":[{"href":"https:\/\/vetsul.com\/index.php\/wp-json\/wp\/v2\/media?parent=16034"}],"wp:term":[{"taxonomy":"product_brand","embeddable":true,"href":"https:\/\/vetsul.com\/index.php\/wp-json\/wp\/v2\/product_brand?post=16034"},{"taxonomy":"product_cat","embeddable":true,"href":"https:\/\/vetsul.com\/index.php\/wp-json\/wp\/v2\/product_cat?post=16034"},{"taxonomy":"product_tag","embeddable":true,"href":"https:\/\/vetsul.com\/index.php\/wp-json\/wp\/v2\/product_tag?post=16034"}],"curies":[{"name":"wp","href":"https:\/\/api.w.org\/{rel}","templated":true}]}}