{"id":4838,"date":"2015-11-25T08:48:50","date_gmt":"2015-11-25T10:48:50","guid":{"rendered":"http:\/\/127.0.0.1\/wordpress\/hugeshop\/?page_id=4838"},"modified":"2021-02-04T01:27:36","modified_gmt":"2021-02-04T04:27:36","slug":"sobre","status":"publish","type":"page","link":"https:\/\/vetsul.com\/index.php\/sobre\/","title":{"rendered":"Sobre a Vetsul"},"content":{"rendered":"<div class=\"wpb-content-wrapper\"><p>[vc_row css=&#8221;.vc_custom_1452136087787{margin-top: 0px !important;margin-right: 0px !important;margin-bottom: 0px !important;margin-left: 0px !important;background-position: center !important;background-repeat: no-repeat !important;background-size: cover !important;}&#8221; el_class=&#8221;content-petmark1&#8243;][vc_column width=&#8221;1\/2&#8243; el_class=&#8221;petmark-intro&#8221; css=&#8221;.vc_custom_1612411632706{margin-right: 0px !important;margin-left: 0px !important;padding-top: px !important;padding-right: 50px !important;padding-bottom: 50px !important;padding-left: 50px !important;}&#8221;][vc_single_image image=&#8221;15817&#8243; img_size=&#8221;full&#8221; alignment=&#8221;center&#8221; css=&#8221;.vc_custom_1612411315789{margin-top: 0px !important;margin-right: 0px !important;margin-bottom: 0px !important;margin-left: 0px !important;padding-right: 0px !important;padding-left: 0px !important;}&#8221;][\/vc_column][vc_column width=&#8221;1\/2&#8243; css=&#8221;.vc_custom_1612411719016{padding-top: 50px !important;}&#8221;][vc_column_text]<\/p>\n<h2 style=\"text-align: left;\"><span style=\"color: #7e4647;\"><strong>VETSUL<\/strong><\/span><\/h2>\n<p style=\"text-align: justify;\">A Vetsul foi criada em 1995, sendo um sucesso desde sua cria\u00e7\u00e3o. Para acompanhar o mercado, aperfei\u00e7oar o atendimento aos clientes e atuar em novos neg\u00f3cios, a Vetsul mudou conceitos, aproximou-se do cliente, mas principalmente por sua tradi\u00e7\u00e3o que atende o produtor, o filho, o neto&#8230; passando por diversas gera\u00e7\u00f5es de fam\u00edlias da regi\u00e3o sul do pa\u00eds. Com excel\u00eancia no atendimento ao cliente e a \u00f3rg\u00e3os do governo por meio de licita\u00e7\u00f5es.<\/p>\n<p>[\/vc_column_text][\/vc_column][\/vc_row][vc_row][vc_column][vc_single_image image=&#8221;44&#8243; img_size=&#8221;800&#215;1200&#8243; alignment=&#8221;center&#8221; css=&#8221;.vc_custom_1612412561950{padding-bottom: 0px !important;}&#8221;][\/vc_column][\/vc_row][vc_row css=&#8221;.vc_custom_1452136087787{margin-top: 0px !important;margin-right: 0px !important;margin-bottom: 0px !important;margin-left: 0px !important;background-position: center !important;background-repeat: no-repeat !important;background-size: cover !important;}&#8221; el_class=&#8221;content-petmark1&#8243;][vc_column width=&#8221;1\/2&#8243;][vc_column_text css=&#8221;.vc_custom_1612412174998{padding-top: 75px !important;padding-right: 50px !important;padding-bottom: 75px !important;padding-left: 50px !important;background-color: #e6dada !important;}&#8221;]<\/p>\n<h2 style=\"text-align: center;\"><span style=\"color: #7e4647;\"><strong>MISS\u00c3O<\/strong><\/span><\/h2>\n<p style=\"text-align: center;\">Levar solu\u00e7\u00f5es ao produtor rural por meio de bons pre\u00e7os, bom atendimento, em um ambiente de amizade e confian\u00e7a.<\/p>\n<p>[\/vc_column_text][vc_column_text css=&#8221;.vc_custom_1612412284007{padding-top: 75px !important;padding-right: 50px !important;padding-bottom: 75px !important;padding-left: 50px !important;background-color: #e6dada !important;}&#8221;]<\/p>\n<h2 style=\"text-align: center;\"><span style=\"color: #7e4647;\"><strong>VALORES<\/strong><\/span><\/h2>\n<p style=\"text-align: center;\">Respeito e parceria com nossos clientes. Garantir a qualidade no atendimento e os melhores pre\u00e7os.<\/p>\n<p>[\/vc_column_text][\/vc_column][vc_column width=&#8221;1\/2&#8243;][vc_column_text css=&#8221;.vc_custom_1612412235804{padding-top: 75px !important;padding-right: 50px !important;padding-bottom: 75px !important;padding-left: 50px !important;background-color: #e6dada !important;}&#8221;]<\/p>\n<h2 style=\"text-align: center;\"><span style=\"color: #7e4647;\"><strong>VIS\u00c3O<\/strong><\/span><\/h2>\n<p style=\"text-align: center;\">Dar o melhor suporte ao produtor rural e pecuarista, dessa forma nos tornando refer\u00eancia, de loja agropecu\u00e1ria na Regi\u00e3o Sul do pa\u00eds.<\/p>\n<p>[\/vc_column_text][vc_column_text css=&#8221;.vc_custom_1612412339619{padding-top: 75px !important;padding-right: 50px !important;padding-bottom: 75px !important;padding-left: 50px !important;background-color: #e6dada !important;}&#8221;]<\/p>\n<h2 style=\"text-align: center;\"><span style=\"color: #7e4647;\"><strong>PERSONALIDADE<\/strong><\/span><\/h2>\n<p style=\"text-align: center;\">Os pilares da personalidade da Vetsul s\u00e3o: a amizade e parceria com seus clientes, e o compromisso com o bom atendimento.<\/p>\n<p>[\/vc_column_text][\/vc_column][\/vc_row]<\/p>\n<\/div>","protected":false},"excerpt":{"rendered":"<p>[vc_row css=&#8221;.vc_custom_1452136087787{margin-top: 0px !important;margin-right: 0px !important;margin-bottom: 0px !important;margin-left: 0px !important;background-position: center !important;background-repeat: no-repeat !important;background-size: cover !important;}&#8221; el_class=&#8221;content-petmark1&#8243;][vc_column width=&#8221;1\/2&#8243; el_class=&#8221;petmark-intro&#8221; css=&#8221;.vc_custom_1612411632706{margin-right: 0px !important;margin-left:<\/p>\n","protected":false},"author":1,"featured_media":0,"parent":0,"menu_order":0,"comment_status":"closed","ping_status":"closed","template":"page-templates\/about-page.php","meta":{"_acf_changed":false,"footnotes":""},"class_list":["post-4838","page","type-page","status-publish","hentry"],"acf":[],"_links":{"self":[{"href":"https:\/\/vetsul.com\/index.php\/wp-json\/wp\/v2\/pages\/4838","targetHints":{"allow":["GET"]}}],"collection":[{"href":"https:\/\/vetsul.com\/index.php\/wp-json\/wp\/v2\/pages"}],"about":[{"href":"https:\/\/vetsul.com\/index.php\/wp-json\/wp\/v2\/types\/page"}],"author":[{"embeddable":true,"href":"https:\/\/vetsul.com\/index.php\/wp-json\/wp\/v2\/users\/1"}],"replies":[{"embeddable":true,"href":"https:\/\/vetsul.com\/index.php\/wp-json\/wp\/v2\/comments?post=4838"}],"version-history":[{"count":0,"href":"https:\/\/vetsul.com\/index.php\/wp-json\/wp\/v2\/pages\/4838\/revisions"}],"wp:attachment":[{"href":"https:\/\/vetsul.com\/index.php\/wp-json\/wp\/v2\/media?parent=4838"}],"curies":[{"name":"wp","href":"https:\/\/api.w.org\/{rel}","templated":true}]}}