{"id":15932,"date":"2021-02-08T20:19:47","date_gmt":"2021-02-08T23:19:47","guid":{"rendered":"http:\/\/35.194.95.18\/?page_id=15932"},"modified":"2021-02-08T20:36:43","modified_gmt":"2021-02-08T23:36:43","slug":"entrega","status":"publish","type":"page","link":"https:\/\/vetsul.com\/index.php\/entrega\/","title":{"rendered":"Entrega"},"content":{"rendered":"<div class=\"wpb-content-wrapper\">[vc_row css=&#8221;.vc_custom_1452136087787{margin-top: 0px !important;margin-right: 0px !important;margin-bottom: 0px !important;margin-left: 0px !important;background-position: center !important;background-repeat: no-repeat !important;background-size: cover !important;}&#8221; el_class=&#8221;content-petmark1&#8243;][vc_column css=&#8221;.vc_custom_1612411719016{padding-top: 50px !important;}&#8221;][vc_column_text]\n<h2 style=\"text-align: left;\"><span style=\"color: #7e4647;\"><strong>INFORMA\u00c7\u00d5ES DE ENTREGA<\/strong><\/span><\/h2>\n<p>Os produtos poder\u00e3o ser enviados das seguintes formas:<\/p>\n<p>1. Correios: Sedex (2-7 dias \u00fateis) ou PAC ( 7-15 Dias \u00fateis)<\/p>\n<p>2. Rodovi\u00e1ria: Modalidade sob consulta, mais informa\u00e7\u00f5es enviar email para regis@vetsul.com ou Whatsapp para (51) 985850160<\/p>\n<p>Retirada na loja pode ser efetuado o pagamento via site e retirado no balc\u00e3o da loja.[\/vc_column_text][\/vc_column][\/vc_row]\n<\/div>","protected":false},"excerpt":{"rendered":"<p>[vc_row css=&#8221;.vc_custom_1452136087787{margin-top: 0px !important;margin-right: 0px !important;margin-bottom: 0px !important;margin-left: 0px !important;background-position: center !important;background-repeat: no-repeat !important;background-size: cover !important;}&#8221; el_class=&#8221;content-petmark1&#8243;][vc_column css=&#8221;.vc_custom_1612411719016{padding-top: 50px !important;}&#8221;][vc_column_text] INFORMA\u00c7\u00d5ES DE<\/p>\n","protected":false},"author":1,"featured_media":0,"parent":0,"menu_order":0,"comment_status":"closed","ping_status":"closed","template":"page-templates\/about-page.php","meta":{"_acf_changed":false,"two_page_speed":[],"footnotes":""},"class_list":["post-15932","page","type-page","status-publish","hentry"],"acf":[],"_links":{"self":[{"href":"https:\/\/vetsul.com\/index.php\/wp-json\/wp\/v2\/pages\/15932","targetHints":{"allow":["GET"]}}],"collection":[{"href":"https:\/\/vetsul.com\/index.php\/wp-json\/wp\/v2\/pages"}],"about":[{"href":"https:\/\/vetsul.com\/index.php\/wp-json\/wp\/v2\/types\/page"}],"author":[{"embeddable":true,"href":"https:\/\/vetsul.com\/index.php\/wp-json\/wp\/v2\/users\/1"}],"replies":[{"embeddable":true,"href":"https:\/\/vetsul.com\/index.php\/wp-json\/wp\/v2\/comments?post=15932"}],"version-history":[{"count":0,"href":"https:\/\/vetsul.com\/index.php\/wp-json\/wp\/v2\/pages\/15932\/revisions"}],"wp:attachment":[{"href":"https:\/\/vetsul.com\/index.php\/wp-json\/wp\/v2\/media?parent=15932"}],"curies":[{"name":"wp","href":"https:\/\/api.w.org\/{rel}","templated":true}]}}